{"id":14252,"date":"2020-11-23T22:05:31","date_gmt":"2020-11-23T21:05:31","guid":{"rendered":"https:\/\/cienfuegos.fr\/?post_type=product&#038;p=14252"},"modified":"2020-11-23T22:05:31","modified_gmt":"2020-11-23T21:05:31","slug":"literaturas-indigenas-venezolanas","status":"publish","type":"product","link":"https:\/\/cienfuegos.fr\/index.php\/product\/literaturas-indigenas-venezolanas\/","title":{"rendered":"Literaturas ind\u00edgenas venezolanas"},"content":{"rendered":"","protected":false},"excerpt":{"rendered":"<p>Autor: Armellada, Fray Ces\u00e1reo de\/ Bentivenga de Napolitano, Carmela<br \/>\nEditorial: Monte\u00e1vila<br \/>\nA\u00f1o de publicaci\u00f3n:<br \/>\nN\u00famero de p\u00e1ginas:<br \/>\nI.S.B.N:<\/p>\n<p>Durante los \u00faltimos a\u00f1os es manifiesto el inter\u00e9s por la literatura oral y an\u00f3nima que circula entre nuestros ind\u00edgenas. Leyendas y mitos, canciones y ap\u00f3logos, conservados por la memoria de las tribus, nos dejan ver que al margen de la civilizaci\u00f3n alfab\u00e9tica existe una tradici\u00f3n literaria valiosa, no s\u00f3lo para sus propios exponentes sino para todo el que se interese por los dones y hallazgos de la imaginaci\u00f3n. El presente panorama se propone una triple finalidad: es un homenaje a los Pueblos Ind\u00edgenas venezolanos y a quienes se han consagrado en su estudio y servicio; constituye tambi\u00e9n un est\u00edmulo para que otros se decidan a continuar esta tarea divulgativa, y finalmente desea ser \u00fatil tanto a los profesores como a los estudiantes de ense\u00f1anza media y universitaria.<\/p>\n","protected":false},"featured_media":0,"comment_status":"open","ping_status":"closed","template":"","meta":[],"class_list":{"0":"post-14252","1":"product","2":"type-product","3":"status-publish","5":"product_cat-narrativa-estudios-literarios","6":"post","8":"first","9":"instock","10":"taxable","11":"shipping-taxable","12":"purchasable","13":"product-type-simple"},"_links":{"self":[{"href":"https:\/\/cienfuegos.fr\/index.php\/wp-json\/wp\/v2\/product\/14252","targetHints":{"allow":["GET"]}}],"collection":[{"href":"https:\/\/cienfuegos.fr\/index.php\/wp-json\/wp\/v2\/product"}],"about":[{"href":"https:\/\/cienfuegos.fr\/index.php\/wp-json\/wp\/v2\/types\/product"}],"replies":[{"embeddable":true,"href":"https:\/\/cienfuegos.fr\/index.php\/wp-json\/wp\/v2\/comments?post=14252"}],"wp:attachment":[{"href":"https:\/\/cienfuegos.fr\/index.php\/wp-json\/wp\/v2\/media?parent=14252"}],"curies":[{"name":"wp","href":"https:\/\/api.w.org\/{rel}","templated":true}]}}