{"id":14241,"date":"2020-11-23T21:40:04","date_gmt":"2020-11-23T20:40:04","guid":{"rendered":"https:\/\/cienfuegos.fr\/?post_type=product&#038;p=14241"},"modified":"2020-11-23T21:40:58","modified_gmt":"2020-11-23T20:40:58","slug":"una-historia-de-la-lectura","status":"publish","type":"product","link":"https:\/\/cienfuegos.fr\/index.php\/product\/una-historia-de-la-lectura\/","title":{"rendered":"Una historia de la lectura"},"content":{"rendered":"","protected":false},"excerpt":{"rendered":"<p>Autor: Manguel, Alberto<br \/>\nEditorial: Lumen<br \/>\nA\u00f1o de publicaci\u00f3n:<br \/>\nN\u00famero de p\u00e1ginas:<br \/>\nI.S.B.N:<\/p>\n<p>Encuadernaci\u00f3n de tapa dura, con trescientas cincuenta ilustraciones en color. Todo un cl\u00e1sico del g\u00e9nero del ensayo sobre la historia de la literatura en una maravillosa edici\u00f3n ilustrada. Por el autor galardonado con el Premio Formentor de las Letras 2017, Alberto Manguel. \u00abHe so\u00f1ado a veces que cuando amanezca el d\u00eda del juicio, y los grandes conquistadores y abogados y juristas y gobernantes se acerquen para recibir su recompensa, el todopoderoso, al vernos llegar con nuestros libros bajo el brazo, se volver\u00e1 hacia Pedro y dir\u00e1, no sin cierta envidia: \u00abM\u00edralos; esos no necesitan recompensa. No tenemos nada que darles. Les gustaba leer\u00bb.\u00bb Virginia Woolf. Con un lenguaje muy ameno y el aval de su dilata experiencia, Alberto Manguel nos ilumina sobre el nacimiento de la escritura, la aparici\u00f3n de las primeras bibliotecas, los c\u00f3dices, la imprenta y la evoluci\u00f3n del mundo editorial. Esta excelente obra cuenta con el atractivo a\u00f1adido de sus abundantes ilustraciones y con la incorporaci\u00f3n de nuevos cap\u00edtulos in\u00e9ditos.<\/p>\n","protected":false},"featured_media":0,"comment_status":"open","ping_status":"closed","template":"","meta":[],"class_list":{"0":"post-14241","1":"product","2":"type-product","3":"status-publish","5":"product_cat-historia-de-la-cultura","6":"post","8":"first","9":"instock","10":"taxable","11":"shipping-taxable","12":"purchasable","13":"product-type-simple"},"_links":{"self":[{"href":"https:\/\/cienfuegos.fr\/index.php\/wp-json\/wp\/v2\/product\/14241","targetHints":{"allow":["GET"]}}],"collection":[{"href":"https:\/\/cienfuegos.fr\/index.php\/wp-json\/wp\/v2\/product"}],"about":[{"href":"https:\/\/cienfuegos.fr\/index.php\/wp-json\/wp\/v2\/types\/product"}],"replies":[{"embeddable":true,"href":"https:\/\/cienfuegos.fr\/index.php\/wp-json\/wp\/v2\/comments?post=14241"}],"wp:attachment":[{"href":"https:\/\/cienfuegos.fr\/index.php\/wp-json\/wp\/v2\/media?parent=14241"}],"curies":[{"name":"wp","href":"https:\/\/api.w.org\/{rel}","templated":true}]}}