{"id":14239,"date":"2020-11-23T21:38:21","date_gmt":"2020-11-23T20:38:21","guid":{"rendered":"https:\/\/cienfuegos.fr\/?post_type=product&#038;p=14239"},"modified":"2025-05-29T14:36:34","modified_gmt":"2025-05-29T12:36:34","slug":"les-trois-rives","status":"publish","type":"product","link":"https:\/\/cienfuegos.fr\/index.php\/product\/les-trois-rives\/","title":{"rendered":"Les trois rives"},"content":{"rendered":"","protected":false},"excerpt":{"rendered":"<p>Autor: Mordzinski, Daniel<br \/>\nEditorial:<br \/>\nA\u00f1o de publicaci\u00f3n:<br \/>\nN\u00famero de p\u00e1ginas:<br \/>\nI.S.B.N:<\/p>\n<p>Instituto Franc\u00e9s., 2010. tapa dura. Biograf\u00edas. (929(100)) Fotograf\u00eda. Mordzinski, Daniel Inventarios. (77 Mordzinski, Daniel (083.824)) Literatura. Inventarios. (82(083.824)) Instituto Franc\u00e9s. Madrid. 2010. 25 x 27 cm. 309, [10] p. principalmente il. col. y n. Encuadernaci\u00f3n en tapa dura de editorial ilustrada. Mordzinski, Daniel 1960-. Comisario, Serge Fohr ; textos, H\u00e9ctor Abad Faciolince. et al. Les trois rives. Exposici\u00f3n: Maison de l&#8217;Am\u00e9rique latine, Par\u00eds, abril 2010; Instituto Franc\u00e9s, Madrid, junio 2010. Texto en espa\u00f1ol y franc\u00e9s. Exposiciones. Escritores. Retratos. Abad Faciolince, H\u00e9ctor. 1958- . I<\/p>\n","protected":false},"featured_media":0,"comment_status":"open","ping_status":"closed","template":"","meta":[],"class_list":{"0":"post-14239","1":"product","2":"type-product","3":"status-publish","5":"product_cat-fotografia-arte","6":"post","8":"first","9":"instock","10":"taxable","11":"shipping-taxable","12":"purchasable","13":"product-type-simple"},"_links":{"self":[{"href":"https:\/\/cienfuegos.fr\/index.php\/wp-json\/wp\/v2\/product\/14239","targetHints":{"allow":["GET"]}}],"collection":[{"href":"https:\/\/cienfuegos.fr\/index.php\/wp-json\/wp\/v2\/product"}],"about":[{"href":"https:\/\/cienfuegos.fr\/index.php\/wp-json\/wp\/v2\/types\/product"}],"replies":[{"embeddable":true,"href":"https:\/\/cienfuegos.fr\/index.php\/wp-json\/wp\/v2\/comments?post=14239"}],"wp:attachment":[{"href":"https:\/\/cienfuegos.fr\/index.php\/wp-json\/wp\/v2\/media?parent=14239"}],"curies":[{"name":"wp","href":"https:\/\/api.w.org\/{rel}","templated":true}]}}