{"id":14237,"date":"2020-11-23T21:33:29","date_gmt":"2020-11-23T20:33:29","guid":{"rendered":"https:\/\/cienfuegos.fr\/?post_type=product&#038;p=14237"},"modified":"2020-11-23T21:33:29","modified_gmt":"2020-11-23T20:33:29","slug":"revista-de-la-residencia-de-estudiantes-1926-1934","status":"publish","type":"product","link":"https:\/\/cienfuegos.fr\/index.php\/product\/revista-de-la-residencia-de-estudiantes-1926-1934\/","title":{"rendered":"Revista de la Residencia de estudiantes. 1926-1934"},"content":{"rendered":"","protected":false},"excerpt":{"rendered":"<p>Autor: AAVV<br \/>\nEditorial:<br \/>\nA\u00f1o de publicaci\u00f3n:<br \/>\nN\u00famero de p\u00e1ginas:<br \/>\nI.S.B.N:<\/p>\n<p>Edici\u00f3n facsimilar Publicaciones de la residencia de estudiantes 1990. Edici\u00f3n Facsimil 1926-1931. Conjunto de 21 fasc\u00edculos. A\u00f1o I) 1926, 3 revistas. A\u00f1o II) Diciembre 1927 n\u00famero 1, Mayo 1928, n\u00famero 2, Diciembre 1931, n\u00famero 3. 6 n\u00fameros de 1932. 6 n\u00fameros 1933. 3 n\u00fameros 1934+ el \u00edndice de la edici\u00f3n facs\u00edmil. Todos ellos en estuche.<\/p>\n","protected":false},"featured_media":0,"comment_status":"open","ping_status":"closed","template":"","meta":[],"class_list":{"0":"post-14237","1":"product","2":"type-product","3":"status-publish","5":"product_cat-estudios_literarios","6":"post","8":"first","9":"instock","10":"taxable","11":"shipping-taxable","12":"purchasable","13":"product-type-simple"},"_links":{"self":[{"href":"https:\/\/cienfuegos.fr\/index.php\/wp-json\/wp\/v2\/product\/14237","targetHints":{"allow":["GET"]}}],"collection":[{"href":"https:\/\/cienfuegos.fr\/index.php\/wp-json\/wp\/v2\/product"}],"about":[{"href":"https:\/\/cienfuegos.fr\/index.php\/wp-json\/wp\/v2\/types\/product"}],"replies":[{"embeddable":true,"href":"https:\/\/cienfuegos.fr\/index.php\/wp-json\/wp\/v2\/comments?post=14237"}],"wp:attachment":[{"href":"https:\/\/cienfuegos.fr\/index.php\/wp-json\/wp\/v2\/media?parent=14237"}],"curies":[{"name":"wp","href":"https:\/\/api.w.org\/{rel}","templated":true}]}}