{"id":14227,"date":"2020-11-23T21:00:05","date_gmt":"2020-11-23T20:00:05","guid":{"rendered":"https:\/\/cienfuegos.fr\/?post_type=product&#038;p=14227"},"modified":"2020-11-23T21:00:05","modified_gmt":"2020-11-23T20:00:05","slug":"el-cristo-de-la-rue-jacob-y-otro-textos","status":"publish","type":"product","link":"https:\/\/cienfuegos.fr\/index.php\/product\/el-cristo-de-la-rue-jacob-y-otro-textos\/","title":{"rendered":"El cristo de la Rue Jacob y otro textos"},"content":{"rendered":"","protected":false},"excerpt":{"rendered":"<p>Autor: Sarduy, Severo<br \/>\nEditorial: UDP<br \/>\nA\u00f1o de publicaci\u00f3n:<br \/>\nN\u00famero de p\u00e1ginas:<br \/>\nI.S.B.N:<\/p>\n<p>Santiago, Ediciones UDP, 2014. Encuadernaci\u00f3n de tapa blanda. Condici\u00f3n: Como Nuevo. 1\u00aa Edici\u00f3n. 124p. El Cristo de la rue Jacob, publicado en 1987, es un libro clave y sobresaliente donde Severo Sarduy revisa las cicatrices que en su cuerpo y en su memoria han dejado los a\u00f1os y en el que por primera vez, seg\u00fan dice Alan Pauls en el pr\u00f3logo a esta edici\u00f3n, el autor cubano pone en suspenso esa fiesta del artificio y el equ\u00edvoco que la identidad era en sus ficciones y se mide con una instancia cr\u00edtica, a la vez anacr\u00f3nica y desafiante: el tosco, crudo, p\u00e1lido yo que sufre . Cierra este volumen El estampido de la vacuidad , un brillante diario p\u00f3stumo que combina pensamientos, introspecciones y notas de lectura. Entre uno y otro texto, se incluyen ocho piezas breves en las que, ya sea de manera directa o camuflado bajo distintos ardides literarios, Sarduy sigue indag\u00e1ndose a s\u00ed mismo y a su propia escritura, ofreciendo no un autorretrato satisfecho sino un perfil candente, lleno de bravura y de inteligencia. Una recopilaci\u00f3n iluminadora para acceder no s\u00f3lo a la vida de Sarduy sino, sobre todo, a las sorpresas que a\u00fan sigue deparando su prosa extraordinaria, que bien podr\u00eda ser descrita como una fiesta en la oscuridad. Severo Sarduy cuenta bien cualquier cosa que tira de nosotros hasta su fin y se dirige hacia la muerte de la escritura, pero esta cualquier cosa est\u00e1 libremente desplazada, seducida por la soberan\u00eda del lenguaje, que ya Plat\u00f3n oy\u00f3 recusar a Gorgias, inaugurando ese rechazo de la escritura que marca nuestra cultura occidental . Roland Barthes.<\/p>\n","protected":false},"featured_media":0,"comment_status":"open","ping_status":"closed","template":"","meta":[],"class_list":{"0":"post-14227","1":"product","2":"type-product","3":"status-publish","5":"product_cat-ensayo","6":"post","8":"first","9":"instock","10":"taxable","11":"shipping-taxable","12":"purchasable","13":"product-type-simple"},"_links":{"self":[{"href":"https:\/\/cienfuegos.fr\/index.php\/wp-json\/wp\/v2\/product\/14227","targetHints":{"allow":["GET"]}}],"collection":[{"href":"https:\/\/cienfuegos.fr\/index.php\/wp-json\/wp\/v2\/product"}],"about":[{"href":"https:\/\/cienfuegos.fr\/index.php\/wp-json\/wp\/v2\/types\/product"}],"replies":[{"embeddable":true,"href":"https:\/\/cienfuegos.fr\/index.php\/wp-json\/wp\/v2\/comments?post=14227"}],"wp:attachment":[{"href":"https:\/\/cienfuegos.fr\/index.php\/wp-json\/wp\/v2\/media?parent=14227"}],"curies":[{"name":"wp","href":"https:\/\/api.w.org\/{rel}","templated":true}]}}