{"id":14225,"date":"2020-11-23T20:56:06","date_gmt":"2020-11-23T19:56:06","guid":{"rendered":"https:\/\/cienfuegos.fr\/?post_type=product&#038;p=14225"},"modified":"2020-11-23T20:56:06","modified_gmt":"2020-11-23T19:56:06","slug":"borges-un-escritor-en-las-orillas","status":"publish","type":"product","link":"https:\/\/cienfuegos.fr\/index.php\/product\/borges-un-escritor-en-las-orillas\/","title":{"rendered":"Borges, un escritor en las orillas"},"content":{"rendered":"","protected":false},"excerpt":{"rendered":"<p>Autor: Sarlo, Beatriz<br \/>\nEditorial:<br \/>\nA\u00f1o de publicaci\u00f3n:<br \/>\nN\u00famero de p\u00e1ginas:<br \/>\nI.S.B.N:<\/p>\n<p>Jorge Luis Borges es uno de los escritores m\u00e1s destacados del siglo XX y, sin embargo, en todas las cr\u00edticas literarias a su obra apenas se menciona el hecho de que era un escritor argentino, como si su reputaci\u00f3n mundial de alguna forma hubiera borrado su nacionalidad. En este libro, Sarlo desaf\u00eda estas lecturas \u00abuniversalistas\u00bb argumentando que dejan de lado aspectos vitales de la escritura de Borges, incluida su poderosa visi\u00f3n de las tradiciones y el pasado argentinos que situaron tanto al escritor como a su pa\u00eds en la extra\u00f1a intersecci\u00f3n de las culturas europea y latinoamericana. Este an\u00e1lisis de la obra de Borges est\u00e1 dividido en dos partes. La primera la forman una serie de conferencias sobre la ficci\u00f3n de Borges; la segunda habla sobre el surgimiento de la vanguardia y las revistas literarias con el fin de situar su literatura en un contexto cultural e ideol\u00f3gico. Borges escribi\u00f3 en un encuentro de caminos.<\/p>\n","protected":false},"featured_media":0,"comment_status":"open","ping_status":"closed","template":"","meta":[],"class_list":{"0":"post-14225","1":"product","2":"type-product","3":"status-publish","5":"product_cat-estudios_literarios","6":"post","8":"first","9":"instock","10":"taxable","11":"shipping-taxable","12":"purchasable","13":"product-type-simple"},"_links":{"self":[{"href":"https:\/\/cienfuegos.fr\/index.php\/wp-json\/wp\/v2\/product\/14225","targetHints":{"allow":["GET"]}}],"collection":[{"href":"https:\/\/cienfuegos.fr\/index.php\/wp-json\/wp\/v2\/product"}],"about":[{"href":"https:\/\/cienfuegos.fr\/index.php\/wp-json\/wp\/v2\/types\/product"}],"replies":[{"embeddable":true,"href":"https:\/\/cienfuegos.fr\/index.php\/wp-json\/wp\/v2\/comments?post=14225"}],"wp:attachment":[{"href":"https:\/\/cienfuegos.fr\/index.php\/wp-json\/wp\/v2\/media?parent=14225"}],"curies":[{"name":"wp","href":"https:\/\/api.w.org\/{rel}","templated":true}]}}