{"id":13935,"date":"2020-11-21T19:32:38","date_gmt":"2020-11-21T18:32:38","guid":{"rendered":"https:\/\/cienfuegos.fr\/?post_type=product&#038;p=13935"},"modified":"2025-05-29T21:48:49","modified_gmt":"2025-05-29T19:48:49","slug":"imagenes-de-la-guerra-civil-espanola","status":"publish","type":"product","link":"https:\/\/cienfuegos.fr\/index.php\/product\/imagenes-de-la-guerra-civil-espanola\/","title":{"rendered":"Im\u00e1genes de la guerra civil espa\u00f1ola"},"content":{"rendered":"","protected":false},"excerpt":{"rendered":"<p>Autor: Raymond Carr (introducci\u00f3n)<br \/>\nEditorial: Edhasa<br \/>\nA\u00f1o de publicaci\u00f3n: 1986<br \/>\nN\u00famero de p\u00e1ginas:<br \/>\nI.S.B.N:<\/p>\n","protected":false},"featured_media":0,"comment_status":"open","ping_status":"closed","template":"","meta":[],"class_list":{"0":"post-13935","1":"product","2":"type-product","3":"status-publish","5":"product_cat-fotografia-arte","6":"post","8":"first","9":"instock","10":"taxable","11":"shipping-taxable","12":"purchasable","13":"product-type-simple"},"_links":{"self":[{"href":"https:\/\/cienfuegos.fr\/index.php\/wp-json\/wp\/v2\/product\/13935","targetHints":{"allow":["GET"]}}],"collection":[{"href":"https:\/\/cienfuegos.fr\/index.php\/wp-json\/wp\/v2\/product"}],"about":[{"href":"https:\/\/cienfuegos.fr\/index.php\/wp-json\/wp\/v2\/types\/product"}],"replies":[{"embeddable":true,"href":"https:\/\/cienfuegos.fr\/index.php\/wp-json\/wp\/v2\/comments?post=13935"}],"wp:attachment":[{"href":"https:\/\/cienfuegos.fr\/index.php\/wp-json\/wp\/v2\/media?parent=13935"}],"curies":[{"name":"wp","href":"https:\/\/api.w.org\/{rel}","templated":true}]}}