{"id":13917,"date":"2020-11-21T19:18:11","date_gmt":"2020-11-21T18:18:11","guid":{"rendered":"https:\/\/cienfuegos.fr\/?post_type=product&#038;p=13917"},"modified":"2020-11-21T19:18:11","modified_gmt":"2020-11-21T18:18:11","slug":"retorica-y-locura-para-una-teoria-de-la-cultura-argentina","status":"publish","type":"product","link":"https:\/\/cienfuegos.fr\/index.php\/product\/retorica-y-locura-para-una-teoria-de-la-cultura-argentina\/","title":{"rendered":"Ret\u00f3rica y locura: para una teor\u00eda de la cultura argentina"},"content":{"rendered":"","protected":false},"excerpt":{"rendered":"<p>Autor: Gonz\u00e1lez, Horacio<br \/>\nEditorial: Colihue<br \/>\nA\u00f1o de publicaci\u00f3n:<br \/>\nN\u00famero de p\u00e1ginas:<br \/>\nI.S.B.N:<\/p>\n","protected":false},"featured_media":0,"comment_status":"open","ping_status":"closed","template":"","meta":[],"class_list":{"0":"post-13917","1":"product","2":"type-product","3":"status-publish","5":"product_cat-ensayo","6":"post","8":"first","9":"instock","10":"taxable","11":"shipping-taxable","12":"purchasable","13":"product-type-simple"},"_links":{"self":[{"href":"https:\/\/cienfuegos.fr\/index.php\/wp-json\/wp\/v2\/product\/13917","targetHints":{"allow":["GET"]}}],"collection":[{"href":"https:\/\/cienfuegos.fr\/index.php\/wp-json\/wp\/v2\/product"}],"about":[{"href":"https:\/\/cienfuegos.fr\/index.php\/wp-json\/wp\/v2\/types\/product"}],"replies":[{"embeddable":true,"href":"https:\/\/cienfuegos.fr\/index.php\/wp-json\/wp\/v2\/comments?post=13917"}],"wp:attachment":[{"href":"https:\/\/cienfuegos.fr\/index.php\/wp-json\/wp\/v2\/media?parent=13917"}],"curies":[{"name":"wp","href":"https:\/\/api.w.org\/{rel}","templated":true}]}}