{"id":13903,"date":"2020-11-21T19:00:06","date_gmt":"2020-11-21T18:00:06","guid":{"rendered":"https:\/\/cienfuegos.fr\/?post_type=product&#038;p=13903"},"modified":"2020-11-21T19:00:06","modified_gmt":"2020-11-21T18:00:06","slug":"lugones-entre-la-aventura-y-la-cruzada","status":"publish","type":"product","link":"https:\/\/cienfuegos.fr\/index.php\/product\/lugones-entre-la-aventura-y-la-cruzada\/","title":{"rendered":"Lugones: entre la aventura y la cruzada"},"content":{"rendered":"","protected":false},"excerpt":{"rendered":"<p>Autor: L\u00f3pez, Mar\u00eda P\u00eda<br \/>\nEditorial: Colihue<br \/>\nA\u00f1o de publicaci\u00f3n:<br \/>\nN\u00famero de p\u00e1ginas:<br \/>\nI.S.B.N:<\/p>\n","protected":false},"featured_media":0,"comment_status":"open","ping_status":"closed","template":"","meta":[],"class_list":{"0":"post-13903","1":"product","2":"type-product","3":"status-publish","5":"product_cat-ensayo-diarios-y-biografias","6":"post","8":"first","9":"instock","10":"taxable","11":"shipping-taxable","12":"purchasable","13":"product-type-simple"},"_links":{"self":[{"href":"https:\/\/cienfuegos.fr\/index.php\/wp-json\/wp\/v2\/product\/13903","targetHints":{"allow":["GET"]}}],"collection":[{"href":"https:\/\/cienfuegos.fr\/index.php\/wp-json\/wp\/v2\/product"}],"about":[{"href":"https:\/\/cienfuegos.fr\/index.php\/wp-json\/wp\/v2\/types\/product"}],"replies":[{"embeddable":true,"href":"https:\/\/cienfuegos.fr\/index.php\/wp-json\/wp\/v2\/comments?post=13903"}],"wp:attachment":[{"href":"https:\/\/cienfuegos.fr\/index.php\/wp-json\/wp\/v2\/media?parent=13903"}],"curies":[{"name":"wp","href":"https:\/\/api.w.org\/{rel}","templated":true}]}}