{"id":13885,"date":"2020-11-21T18:37:34","date_gmt":"2020-11-21T17:37:34","guid":{"rendered":"https:\/\/cienfuegos.fr\/?post_type=product&#038;p=13885"},"modified":"2020-11-21T18:37:34","modified_gmt":"2020-11-21T17:37:34","slug":"presente-y-porvenir-de-hispanoamerica","status":"publish","type":"product","link":"https:\/\/cienfuegos.fr\/index.php\/product\/presente-y-porvenir-de-hispanoamerica\/","title":{"rendered":"Presente y porvenir de Hispanoam\u00e9rica"},"content":{"rendered":"","protected":false},"excerpt":{"rendered":"<p>Autor: Madariaga, Salvador de<br \/>\nEditorial: Sudamericana<br \/>\nA\u00f1o de publicaci\u00f3n:<br \/>\nN\u00famero de p\u00e1ginas:<br \/>\nI.S.B.N:<\/p>\n<p>Editorial Sudamericana. Buenos Aires, Argentina, 1959. Ensayo. Literatura. Sociolog\u00eda. \u00cdNDICE: PRESENTE Y PORVENIR DE HISPANOAM\u00c9RICA. I. La familia hispana en la familia universal. II. Ilustraciones. COSAS Y GENTES. I. Bank Holiday. II. La pelota de goma. III. La petenera. IV. Europa entre el oso y el toro. V. Baroja, Unamuno y Maeztu. VI. Experiencias como escritor biling\u00fce. VII. Reflexiones sobre la medicina. VIII. Ensayo sobre Europa. Encuadernaci\u00f3n en Tapa Blanda de editorial ilustrada con solapas. Estado de Conservaci\u00f3n: Muy Bien.<\/p>\n","protected":false},"featured_media":0,"comment_status":"open","ping_status":"closed","template":"","meta":[],"class_list":{"0":"post-13885","1":"product","2":"type-product","3":"status-publish","5":"product_cat-ensayo","6":"post","8":"first","9":"instock","10":"taxable","11":"shipping-taxable","12":"purchasable","13":"product-type-simple"},"_links":{"self":[{"href":"https:\/\/cienfuegos.fr\/index.php\/wp-json\/wp\/v2\/product\/13885","targetHints":{"allow":["GET"]}}],"collection":[{"href":"https:\/\/cienfuegos.fr\/index.php\/wp-json\/wp\/v2\/product"}],"about":[{"href":"https:\/\/cienfuegos.fr\/index.php\/wp-json\/wp\/v2\/types\/product"}],"replies":[{"embeddable":true,"href":"https:\/\/cienfuegos.fr\/index.php\/wp-json\/wp\/v2\/comments?post=13885"}],"wp:attachment":[{"href":"https:\/\/cienfuegos.fr\/index.php\/wp-json\/wp\/v2\/media?parent=13885"}],"curies":[{"name":"wp","href":"https:\/\/api.w.org\/{rel}","templated":true}]}}