{"id":13865,"date":"2020-11-21T18:14:43","date_gmt":"2020-11-21T17:14:43","guid":{"rendered":"https:\/\/cienfuegos.fr\/?post_type=product&#038;p=13865"},"modified":"2020-11-21T18:14:43","modified_gmt":"2020-11-21T17:14:43","slug":"lo-inapagable-antologia-de-poesia-amorosa","status":"publish","type":"product","link":"https:\/\/cienfuegos.fr\/index.php\/product\/lo-inapagable-antologia-de-poesia-amorosa\/","title":{"rendered":"Lo inapagable. Antolog\u00eda de poes\u00eda amorosa"},"content":{"rendered":"","protected":false},"excerpt":{"rendered":"<p>Autor: Belli, Carlos Germ\u00e1n<br \/>\nEditorial: LOM, libros del ciudadano<br \/>\nA\u00f1o de publicaci\u00f3n:<br \/>\nN\u00famero de p\u00e1ginas:<br \/>\nI.S.B.N:<\/p>\n","protected":false},"featured_media":0,"comment_status":"open","ping_status":"closed","template":"","meta":[],"class_list":{"0":"post-13865","1":"product","2":"type-product","3":"status-publish","5":"product_cat-poesia","6":"post","8":"first","9":"instock","10":"taxable","11":"shipping-taxable","12":"purchasable","13":"product-type-simple"},"_links":{"self":[{"href":"https:\/\/cienfuegos.fr\/index.php\/wp-json\/wp\/v2\/product\/13865","targetHints":{"allow":["GET"]}}],"collection":[{"href":"https:\/\/cienfuegos.fr\/index.php\/wp-json\/wp\/v2\/product"}],"about":[{"href":"https:\/\/cienfuegos.fr\/index.php\/wp-json\/wp\/v2\/types\/product"}],"replies":[{"embeddable":true,"href":"https:\/\/cienfuegos.fr\/index.php\/wp-json\/wp\/v2\/comments?post=13865"}],"wp:attachment":[{"href":"https:\/\/cienfuegos.fr\/index.php\/wp-json\/wp\/v2\/media?parent=13865"}],"curies":[{"name":"wp","href":"https:\/\/api.w.org\/{rel}","templated":true}]}}