{"id":137977,"date":"2023-01-26T17:37:15","date_gmt":"2023-01-26T16:37:15","guid":{"rendered":"https:\/\/cienfuegos.fr\/?post_type=product&#038;p=137977"},"modified":"2025-02-03T14:37:04","modified_gmt":"2025-02-03T13:37:04","slug":"el-espiritu-del-joven-borja","status":"publish","type":"product","link":"https:\/\/cienfuegos.fr\/index.php\/product\/el-espiritu-del-joven-borja\/","title":{"rendered":"El esp\u00edritu del joven Borja"},"content":{"rendered":"","protected":false},"excerpt":{"rendered":"<p>T\u00edtulo: El esp\u00edritu del joven Borja<\/p>\n<p>Autor: Fernando Callero<\/p>\n<p>Editorial: Bajo la luna<\/p>\n<p>A\u00f1o: 2007<\/p>\n","protected":false},"featured_media":138013,"comment_status":"open","ping_status":"closed","template":"","meta":[],"class_list":{"0":"post-137977","1":"product","2":"type-product","3":"status-publish","4":"has-post-thumbnail","6":"product_cat-uncategorized","7":"post","9":"first","10":"outofstock","11":"taxable","12":"shipping-taxable","13":"product-type-simple"},"_links":{"self":[{"href":"https:\/\/cienfuegos.fr\/index.php\/wp-json\/wp\/v2\/product\/137977","targetHints":{"allow":["GET"]}}],"collection":[{"href":"https:\/\/cienfuegos.fr\/index.php\/wp-json\/wp\/v2\/product"}],"about":[{"href":"https:\/\/cienfuegos.fr\/index.php\/wp-json\/wp\/v2\/types\/product"}],"replies":[{"embeddable":true,"href":"https:\/\/cienfuegos.fr\/index.php\/wp-json\/wp\/v2\/comments?post=137977"}],"wp:featuredmedia":[{"embeddable":true,"href":"https:\/\/cienfuegos.fr\/index.php\/wp-json\/wp\/v2\/media\/138013"}],"wp:attachment":[{"href":"https:\/\/cienfuegos.fr\/index.php\/wp-json\/wp\/v2\/media?parent=137977"}],"curies":[{"name":"wp","href":"https:\/\/api.w.org\/{rel}","templated":true}]}}