{"id":135801,"date":"2023-01-12T16:11:48","date_gmt":"2023-01-12T15:11:48","guid":{"rendered":"https:\/\/cienfuegos.fr\/?post_type=product&#038;p=135801"},"modified":"2026-01-20T14:45:00","modified_gmt":"2026-01-20T13:45:00","slug":"el-sueno-del-senor-juez","status":"publish","type":"product","link":"https:\/\/cienfuegos.fr\/index.php\/product\/el-sueno-del-senor-juez\/","title":{"rendered":"El sue\u00f1o del se\u00f1or juez"},"content":{"rendered":"","protected":false},"excerpt":{"rendered":"<p>T\u00edtulo: El sue\u00f1o del se\u00f1or juez<\/p>\n<p>Autor: Carlos Gamerro<\/p>\n<p>Editorial: Sudamericana<\/p>\n<p>Fecha: 2000<\/p>\n","protected":false},"featured_media":135802,"comment_status":"open","ping_status":"closed","template":"","meta":[],"class_list":{"0":"post-135801","1":"product","2":"type-product","3":"status-publish","4":"has-post-thumbnail","6":"product_cat-uncategorized","7":"post","9":"first","10":"onbackorder","11":"taxable","12":"shipping-taxable","13":"purchasable","14":"product-type-simple"},"_links":{"self":[{"href":"https:\/\/cienfuegos.fr\/index.php\/wp-json\/wp\/v2\/product\/135801","targetHints":{"allow":["GET"]}}],"collection":[{"href":"https:\/\/cienfuegos.fr\/index.php\/wp-json\/wp\/v2\/product"}],"about":[{"href":"https:\/\/cienfuegos.fr\/index.php\/wp-json\/wp\/v2\/types\/product"}],"replies":[{"embeddable":true,"href":"https:\/\/cienfuegos.fr\/index.php\/wp-json\/wp\/v2\/comments?post=135801"}],"wp:featuredmedia":[{"embeddable":true,"href":"https:\/\/cienfuegos.fr\/index.php\/wp-json\/wp\/v2\/media\/135802"}],"wp:attachment":[{"href":"https:\/\/cienfuegos.fr\/index.php\/wp-json\/wp\/v2\/media?parent=135801"}],"curies":[{"name":"wp","href":"https:\/\/api.w.org\/{rel}","templated":true}]}}