{"id":135629,"date":"2023-01-11T14:38:22","date_gmt":"2023-01-11T13:38:22","guid":{"rendered":"https:\/\/cienfuegos.fr\/?post_type=product&#038;p=135629"},"modified":"2026-01-20T14:47:50","modified_gmt":"2026-01-20T13:47:50","slug":"autobiografia-de-mi-madre","status":"publish","type":"product","link":"https:\/\/cienfuegos.fr\/index.php\/product\/autobiografia-de-mi-madre\/","title":{"rendered":"Autobiograf\u00eda de mi madre"},"content":{"rendered":"","protected":false},"excerpt":{"rendered":"<p>T\u00edtulo: Autobiograf\u00eda de mi madre<\/p>\n<p>Autor: Jamaica Kincaid (traducci\u00f3n de In\u00e9s Garland)<\/p>\n<p>Editor: La parte maldita<\/p>\n<p>A\u00f1o: 2021<\/p>\n","protected":false},"featured_media":135630,"comment_status":"open","ping_status":"closed","template":"","meta":[],"class_list":{"0":"post-135629","1":"product","2":"type-product","3":"status-publish","4":"has-post-thumbnail","6":"product_cat-uncategorized","7":"post","9":"first","10":"onbackorder","11":"taxable","12":"shipping-taxable","13":"purchasable","14":"product-type-simple"},"_links":{"self":[{"href":"https:\/\/cienfuegos.fr\/index.php\/wp-json\/wp\/v2\/product\/135629","targetHints":{"allow":["GET"]}}],"collection":[{"href":"https:\/\/cienfuegos.fr\/index.php\/wp-json\/wp\/v2\/product"}],"about":[{"href":"https:\/\/cienfuegos.fr\/index.php\/wp-json\/wp\/v2\/types\/product"}],"replies":[{"embeddable":true,"href":"https:\/\/cienfuegos.fr\/index.php\/wp-json\/wp\/v2\/comments?post=135629"}],"wp:featuredmedia":[{"embeddable":true,"href":"https:\/\/cienfuegos.fr\/index.php\/wp-json\/wp\/v2\/media\/135630"}],"wp:attachment":[{"href":"https:\/\/cienfuegos.fr\/index.php\/wp-json\/wp\/v2\/media?parent=135629"}],"curies":[{"name":"wp","href":"https:\/\/api.w.org\/{rel}","templated":true}]}}