{"id":135607,"date":"2023-01-11T14:05:31","date_gmt":"2023-01-11T13:05:31","guid":{"rendered":"https:\/\/cienfuegos.fr\/?post_type=product&#038;p=135607"},"modified":"2025-06-07T03:32:28","modified_gmt":"2025-06-07T01:32:28","slug":"la-leyenda-del-muneco-de-nieve","status":"publish","type":"product","link":"https:\/\/cienfuegos.fr\/index.php\/product\/la-leyenda-del-muneco-de-nieve\/","title":{"rendered":"La leyenda del mu\u00f1eco de nieve"},"content":{"rendered":"","protected":false},"excerpt":{"rendered":"<p>T\u00edtulo: La leyenda del mu\u00f1eco de nieve<\/p>\n<p>Autor: Francico Bitar<\/p>\n<p>Editor: Marciana<\/p>\n<p>A\u00f1o: 2022<\/p>\n","protected":false},"featured_media":135608,"comment_status":"open","ping_status":"closed","template":"","meta":[],"class_list":{"0":"post-135607","1":"product","2":"type-product","3":"status-publish","4":"has-post-thumbnail","6":"product_cat-uncategorized","7":"post","9":"first","10":"instock","11":"taxable","12":"shipping-taxable","13":"purchasable","14":"product-type-simple"},"_links":{"self":[{"href":"https:\/\/cienfuegos.fr\/index.php\/wp-json\/wp\/v2\/product\/135607","targetHints":{"allow":["GET"]}}],"collection":[{"href":"https:\/\/cienfuegos.fr\/index.php\/wp-json\/wp\/v2\/product"}],"about":[{"href":"https:\/\/cienfuegos.fr\/index.php\/wp-json\/wp\/v2\/types\/product"}],"replies":[{"embeddable":true,"href":"https:\/\/cienfuegos.fr\/index.php\/wp-json\/wp\/v2\/comments?post=135607"}],"wp:featuredmedia":[{"embeddable":true,"href":"https:\/\/cienfuegos.fr\/index.php\/wp-json\/wp\/v2\/media\/135608"}],"wp:attachment":[{"href":"https:\/\/cienfuegos.fr\/index.php\/wp-json\/wp\/v2\/media?parent=135607"}],"curies":[{"name":"wp","href":"https:\/\/api.w.org\/{rel}","templated":true}]}}