{"id":13205,"date":"2020-11-17T21:01:03","date_gmt":"2020-11-17T20:01:03","guid":{"rendered":"https:\/\/cienfuegos.fr\/?post_type=product&#038;p=13205"},"modified":"2020-12-21T13:17:01","modified_gmt":"2020-12-21T12:17:01","slug":"nueva-narrativa-hispanoamericana","status":"publish","type":"product","link":"https:\/\/cienfuegos.fr\/index.php\/product\/nueva-narrativa-hispanoamericana\/","title":{"rendered":"Nueva narrativa hispanoamericana"},"content":{"rendered":"","protected":false},"excerpt":{"rendered":"<p>Autor: Shaw, Donald<br \/>\nEditorial: C\u00e1tedra<br \/>\nA\u00f1o de publicaci\u00f3n: 1985<br \/>\nN\u00famero de p\u00e1ginas:<br \/>\nI.S.B.N:<\/p>\n<p>(Roberto Arlt, Macedonio Fern\u00e1ndez, Borges, Leopoldo Marechal, Eduardo Mallea, S\u00e1bato, J.C. Onetti, J.M\u00aa Arguedas, M.A. Asturias, Alejo Carpentier, Julio Cort\u00e1zar, C. Fuentes, Garc\u00eda M\u00e1rquez, Mario Vargas Llosa, Rulfo, Roa Bastos, Donoso, Lezama Lima, Cabrera Infante, Fernando del Paso, S. Elizondo, Severo Sarduy, Reynaldo Arenas, Bryce Echenique, David Vi\u00f1as, Manuel Puig, Jorge Edwards).<\/p>\n","protected":false},"featured_media":0,"comment_status":"open","ping_status":"closed","template":"","meta":[],"class_list":{"0":"post-13205","1":"product","2":"type-product","3":"status-publish","5":"product_cat-estudios_literarios","6":"post","8":"first","9":"outofstock","10":"taxable","11":"shipping-taxable","12":"purchasable","13":"product-type-simple"},"_links":{"self":[{"href":"https:\/\/cienfuegos.fr\/index.php\/wp-json\/wp\/v2\/product\/13205","targetHints":{"allow":["GET"]}}],"collection":[{"href":"https:\/\/cienfuegos.fr\/index.php\/wp-json\/wp\/v2\/product"}],"about":[{"href":"https:\/\/cienfuegos.fr\/index.php\/wp-json\/wp\/v2\/types\/product"}],"replies":[{"embeddable":true,"href":"https:\/\/cienfuegos.fr\/index.php\/wp-json\/wp\/v2\/comments?post=13205"}],"wp:attachment":[{"href":"https:\/\/cienfuegos.fr\/index.php\/wp-json\/wp\/v2\/media?parent=13205"}],"curies":[{"name":"wp","href":"https:\/\/api.w.org\/{rel}","templated":true}]}}