{"id":13203,"date":"2020-11-17T20:55:18","date_gmt":"2020-11-17T19:55:18","guid":{"rendered":"https:\/\/cienfuegos.fr\/?post_type=product&#038;p=13203"},"modified":"2020-11-17T20:55:18","modified_gmt":"2020-11-17T19:55:18","slug":"la-poesia-de-alfonsina-storni","status":"publish","type":"product","link":"https:\/\/cienfuegos.fr\/index.php\/product\/la-poesia-de-alfonsina-storni\/","title":{"rendered":"La poes\u00eda de Alfonsina Storni"},"content":{"rendered":"","protected":false},"excerpt":{"rendered":"<p>Autor: P\u00e9rez Blanco, Lucrecio<br \/>\nEditorial:<br \/>\nA\u00f1o de publicaci\u00f3n:<br \/>\nN\u00famero de p\u00e1ginas:<br \/>\nI.S.B.N:<\/p>\n<p>395 pp +3 hh. 21&#215;15,5. Impreso en Villena, Artes Gr\u00e1ficas. Madrid, 1975. \u00abEl libro realiza un an\u00e1lisis de \u00abla autora y su obra\u00bb (a la que antecede una ojeada a la \u00e9poca de Storni). Trata los temas externos a la poetisa: la idea de Dios, la mujer, el hombre, la ciudad; a la vez que nos habla del amor, sin duda el de m\u00e1s relieve, \u00abEl amor en la po\u00e9tica de Alfonsina Storni es una constante que no desaparece sino con su silencio\u00bb. Esta obra contiene: LA AUTORA Y SU OBRA: I. La poes\u00eda femenina argentina de los primeros quince a\u00f1os del siglo XX II. Alfonsina Storni: Claves biogr\u00e1ficas III. La obra en verso: La inquietud del rosal. El dulce da\u00f1o. Irremediablemente. Languidez. Ocre. Mundo de siete pozos. Mascarilla y tr\u00e9bol. LOS TEMAS: IV. La vida V. El amor: El amor presente. Amor y gozo. Eros y el amor. El amor y la vida. Amor y desenga\u00f1o. Desmoronamiento del amor VI. La muerte VII. El mar VIII. Dios y religi\u00f3n IX. La mujer: Como debe ser la mujer. C\u00f3mo es la mujer. Ella, la mujer Alfonsina Storni X. El hombre: El hombre, visi\u00f3n dulce. El hombre, visi\u00f3n amarga XI. La ciudad. VEH\u00cdCULOS LITERARIOS: XII. S\u00edmbolos e im\u00e1genes XIII. La m\u00e9trica: El verso. La rima. El ritmo. POES\u00cdA, CR\u00cdTICA Y SIMPAT\u00cdAS PO\u00c9TICAS: XIV. Concepto de poes\u00eda. Dos etapas en la poes\u00eda de Alfonsina Storni XV. Critica y autocr\u00edtica XVI: Presencia de otros poetas en su obra.\u00bb<\/p>\n","protected":false},"featured_media":0,"comment_status":"open","ping_status":"closed","template":"","meta":[],"class_list":{"0":"post-13203","1":"product","2":"type-product","3":"status-publish","5":"product_cat-estudios_literarios","6":"post","8":"first","9":"instock","10":"taxable","11":"shipping-taxable","12":"purchasable","13":"product-type-simple"},"_links":{"self":[{"href":"https:\/\/cienfuegos.fr\/index.php\/wp-json\/wp\/v2\/product\/13203","targetHints":{"allow":["GET"]}}],"collection":[{"href":"https:\/\/cienfuegos.fr\/index.php\/wp-json\/wp\/v2\/product"}],"about":[{"href":"https:\/\/cienfuegos.fr\/index.php\/wp-json\/wp\/v2\/types\/product"}],"replies":[{"embeddable":true,"href":"https:\/\/cienfuegos.fr\/index.php\/wp-json\/wp\/v2\/comments?post=13203"}],"wp:attachment":[{"href":"https:\/\/cienfuegos.fr\/index.php\/wp-json\/wp\/v2\/media?parent=13203"}],"curies":[{"name":"wp","href":"https:\/\/api.w.org\/{rel}","templated":true}]}}