{"id":13187,"date":"2020-11-17T20:41:36","date_gmt":"2020-11-17T19:41:36","guid":{"rendered":"https:\/\/cienfuegos.fr\/?post_type=product&#038;p=13187"},"modified":"2020-11-17T20:41:36","modified_gmt":"2020-11-17T19:41:36","slug":"entrevistas-escogidas-filmografia-comentada","status":"publish","type":"product","link":"https:\/\/cienfuegos.fr\/index.php\/product\/entrevistas-escogidas-filmografia-comentada\/","title":{"rendered":"Entrevistas escogidas. Filmograf\u00eda comentada"},"content":{"rendered":"","protected":false},"excerpt":{"rendered":"<p>Autor: Ruiz<br \/>\nEditorial: Universidad Diego Portales<br \/>\nA\u00f1o de publicaci\u00f3n:<br \/>\nN\u00famero de p\u00e1ginas:<br \/>\nI.S.B.N:<\/p>\n<p>Santiago, Ediciones UDP, 2013. Encuadernaci\u00f3n de tapa blanda. Condici\u00f3n: Como Nuevo. 346p. Selecci\u00f3n, edici\u00f3n y pr\u00f3logo a cargo de Bruno Cuneo Ra\u00fal Ruiz concedi\u00f3, entre 1970 y ya bien entrado el siglo XXI, una buena cantidad de entrevistas a periodistas, cr\u00edticos e intelectuales de primer orden. En ninguna sucumbi\u00f3 a la pr\u00e1ctica de ofrecer respuestas formularias ni repetidas sino que, muy por el contrario, utiliz\u00f3 cada una como ocasi\u00f3n para ejercitar el pensamiento cr\u00edtico, la alta reflexi\u00f3n est\u00e9tica, el sentido del humor y la observaci\u00f3n pol\u00edtica. Este libro compila las mejores de esas entrevistas, dividi\u00e9ndolas entre las que concedi\u00f3 en sus inicios, en Chile, antes del golpe, luego las que le hicieron en el exilio, principalmente en Francia, y, por \u00faltimo, las que dio en sus venidas al pa\u00eds en los \u00faltimos a\u00f1os. Adem\u00e1s, incluye este libro una larga secci\u00f3n en la cual Bruno Cuneo, su editor, recogi\u00f3 las palabras con que Ruiz se refiri\u00f3 a sus propios filmes en entrevistas, ensayos y documentales, dando cuerpo a una valiosa filmograf\u00eda comentada de los 120 t\u00edtulos en los que trabaj\u00f3 durante su vida. El enorme alcance filos\u00f3fico de las observaciones del cineasta, su humor fino, el cultivo de las paradojas de que hace gala y su observaci\u00f3n agud\u00edsima, a ratos genial, del car\u00e1cter y el habla chilenos hacen de este libro, Ruiz, un material de primera importancia para todo aquel que se interese en el cine, en Chile y, m\u00e1s generalmente, en el pensamiento y la creaci\u00f3n humanas. Su capacidad de invenci\u00f3n es infinita. Es una de las cosas que hace que sus pel\u00edculas sean interesantes. No importa cu\u00e1l sea el tema, siempre capta la esencia genuina del lugar . Jonas Mekas.<\/p>\n","protected":false},"featured_media":0,"comment_status":"open","ping_status":"closed","template":"","meta":[],"class_list":{"0":"post-13187","1":"product","2":"type-product","3":"status-publish","5":"product_cat-cine-reportaje","6":"post","8":"first","9":"instock","10":"taxable","11":"shipping-taxable","12":"purchasable","13":"product-type-simple"},"_links":{"self":[{"href":"https:\/\/cienfuegos.fr\/index.php\/wp-json\/wp\/v2\/product\/13187","targetHints":{"allow":["GET"]}}],"collection":[{"href":"https:\/\/cienfuegos.fr\/index.php\/wp-json\/wp\/v2\/product"}],"about":[{"href":"https:\/\/cienfuegos.fr\/index.php\/wp-json\/wp\/v2\/types\/product"}],"replies":[{"embeddable":true,"href":"https:\/\/cienfuegos.fr\/index.php\/wp-json\/wp\/v2\/comments?post=13187"}],"wp:attachment":[{"href":"https:\/\/cienfuegos.fr\/index.php\/wp-json\/wp\/v2\/media?parent=13187"}],"curies":[{"name":"wp","href":"https:\/\/api.w.org\/{rel}","templated":true}]}}