{"id":13051,"date":"2020-11-17T00:26:21","date_gmt":"2020-11-16T23:26:21","guid":{"rendered":"https:\/\/cienfuegos.fr\/?post_type=product&#038;p=13051"},"modified":"2020-11-17T00:26:21","modified_gmt":"2020-11-16T23:26:21","slug":"el-guarani","status":"publish","type":"product","link":"https:\/\/cienfuegos.fr\/index.php\/product\/el-guarani\/","title":{"rendered":"El guaran\u00ed"},"content":{"rendered":"","protected":false},"excerpt":{"rendered":"<p>Autor: Alencar, Jos\u00e9 de<br \/>\nEditorial: Casa de las Am\u00e9ricas<br \/>\nA\u00f1o de publicaci\u00f3n:<br \/>\nN\u00famero de p\u00e1ginas:<br \/>\nI.S.B.N:<\/p>\n<p>Ediciones Casa de las Am\u00e9ricas., 1983. Novela. Brasil. La Habana. Colecci\u00f3n: Literatura Latinoamericana. N\u00ba: 112. Editorial: Ediciones Casa de las Am\u00e9ricas. 1983. No indica edici\u00f3n. 567 pags. 19&#215;12 cms. R\u00fastica. Muy buen estado. Alg\u00fan roce leve en el borde.<\/p>\n","protected":false},"featured_media":0,"comment_status":"open","ping_status":"closed","template":"","meta":[],"class_list":{"0":"post-13051","1":"product","2":"type-product","3":"status-publish","5":"product_cat-narrativa","6":"post","8":"first","9":"instock","10":"taxable","11":"shipping-taxable","12":"purchasable","13":"product-type-simple"},"_links":{"self":[{"href":"https:\/\/cienfuegos.fr\/index.php\/wp-json\/wp\/v2\/product\/13051","targetHints":{"allow":["GET"]}}],"collection":[{"href":"https:\/\/cienfuegos.fr\/index.php\/wp-json\/wp\/v2\/product"}],"about":[{"href":"https:\/\/cienfuegos.fr\/index.php\/wp-json\/wp\/v2\/types\/product"}],"replies":[{"embeddable":true,"href":"https:\/\/cienfuegos.fr\/index.php\/wp-json\/wp\/v2\/comments?post=13051"}],"wp:attachment":[{"href":"https:\/\/cienfuegos.fr\/index.php\/wp-json\/wp\/v2\/media?parent=13051"}],"curies":[{"name":"wp","href":"https:\/\/api.w.org\/{rel}","templated":true}]}}