{"id":13044,"date":"2020-11-17T00:20:50","date_gmt":"2020-11-16T23:20:50","guid":{"rendered":"https:\/\/cienfuegos.fr\/?post_type=product&#038;p=13044"},"modified":"2020-11-17T00:20:50","modified_gmt":"2020-11-16T23:20:50","slug":"yanez-rulfo-fuentes-la-novela-mexicana-moderna","status":"publish","type":"product","link":"https:\/\/cienfuegos.fr\/index.php\/product\/yanez-rulfo-fuentes-la-novela-mexicana-moderna\/","title":{"rendered":"Y\u00e1\u00f1ez, Rulfo, Fuentes. La novela mexicana moderna"},"content":{"rendered":"","protected":false},"excerpt":{"rendered":"<p>Autor: Sommers, Joseph<br \/>\nEditorial: Monte Avila<br \/>\nA\u00f1o de publicaci\u00f3n:<br \/>\nN\u00famero de p\u00e1ginas:<br \/>\nI.S.B.N:<\/p>\n<p>Ensayo. 237 pp.+1 h. 17,5&#215;12. Monte \u00c1vila Editores, C. A. Caracas, 1970. Los atinados juicios cr\u00edticos de Joseph Sommers demuestran la diversidad que caracteriza la estructura, la t\u00e9cnica y la visi\u00f3n del mundo de cada autor. Sin embargo, en forma subyacente a las interpretaciones freudianas de Y\u00e1\u00f1ez, al pesimismo c\u00f3smico de Rulfo y a la angustia existencial de Fuentes hay un tema universal que trasciende las diferencias formales. Todos tres insisten en que los problemas planteados al hombre mexicano s\u00f3lo tienen validez literaria si se les examina en t\u00e9rminos universales.<\/p>\n","protected":false},"featured_media":0,"comment_status":"open","ping_status":"closed","template":"","meta":[],"class_list":{"0":"post-13044","1":"product","2":"type-product","3":"status-publish","5":"product_cat-estudios_literarios","6":"post","8":"first","9":"instock","10":"taxable","11":"shipping-taxable","12":"purchasable","13":"product-type-simple"},"_links":{"self":[{"href":"https:\/\/cienfuegos.fr\/index.php\/wp-json\/wp\/v2\/product\/13044","targetHints":{"allow":["GET"]}}],"collection":[{"href":"https:\/\/cienfuegos.fr\/index.php\/wp-json\/wp\/v2\/product"}],"about":[{"href":"https:\/\/cienfuegos.fr\/index.php\/wp-json\/wp\/v2\/types\/product"}],"replies":[{"embeddable":true,"href":"https:\/\/cienfuegos.fr\/index.php\/wp-json\/wp\/v2\/comments?post=13044"}],"wp:attachment":[{"href":"https:\/\/cienfuegos.fr\/index.php\/wp-json\/wp\/v2\/media?parent=13044"}],"curies":[{"name":"wp","href":"https:\/\/api.w.org\/{rel}","templated":true}]}}