{"id":13039,"date":"2020-11-17T00:14:06","date_gmt":"2020-11-16T23:14:06","guid":{"rendered":"https:\/\/cienfuegos.fr\/?post_type=product&#038;p=13039"},"modified":"2020-11-17T00:14:06","modified_gmt":"2020-11-16T23:14:06","slug":"la-alucinacion-de-gylfi","status":"publish","type":"product","link":"https:\/\/cienfuegos.fr\/index.php\/product\/la-alucinacion-de-gylfi\/","title":{"rendered":"La alucinaci\u00f3n de Gylfi"},"content":{"rendered":"","protected":false},"excerpt":{"rendered":"<p>Autor: Sturluson, Snorri<br \/>\nEditorial:<br \/>\nA\u00f1o de publicaci\u00f3n:<br \/>\nN\u00famero de p\u00e1ginas:<br \/>\nI.S.B.N:<\/p>\n<p>Alianza Editorial, 1990. Tapa blanda. Pr\u00f3logo y traducci\u00f3n de Jorge Luis Borges y Mar\u00eda Kodama.<\/p>\n","protected":false},"featured_media":0,"comment_status":"open","ping_status":"closed","template":"","meta":[],"class_list":{"0":"post-13039","1":"product","2":"type-product","3":"status-publish","5":"product_cat-narrativa","6":"post","8":"first","9":"instock","10":"taxable","11":"shipping-taxable","12":"purchasable","13":"product-type-simple"},"_links":{"self":[{"href":"https:\/\/cienfuegos.fr\/index.php\/wp-json\/wp\/v2\/product\/13039","targetHints":{"allow":["GET"]}}],"collection":[{"href":"https:\/\/cienfuegos.fr\/index.php\/wp-json\/wp\/v2\/product"}],"about":[{"href":"https:\/\/cienfuegos.fr\/index.php\/wp-json\/wp\/v2\/types\/product"}],"replies":[{"embeddable":true,"href":"https:\/\/cienfuegos.fr\/index.php\/wp-json\/wp\/v2\/comments?post=13039"}],"wp:attachment":[{"href":"https:\/\/cienfuegos.fr\/index.php\/wp-json\/wp\/v2\/media?parent=13039"}],"curies":[{"name":"wp","href":"https:\/\/api.w.org\/{rel}","templated":true}]}}