{"id":13027,"date":"2020-11-16T23:55:46","date_gmt":"2020-11-16T22:55:46","guid":{"rendered":"https:\/\/cienfuegos.fr\/?post_type=product&#038;p=13027"},"modified":"2020-11-16T23:55:46","modified_gmt":"2020-11-16T22:55:46","slug":"formacion-historica-del-antidesarrollo-de-venezuela","status":"publish","type":"product","link":"https:\/\/cienfuegos.fr\/index.php\/product\/formacion-historica-del-antidesarrollo-de-venezuela\/","title":{"rendered":"Formaci\u00f3n hist\u00f3rica del antidesarrollo de Venezuela"},"content":{"rendered":"","protected":false},"excerpt":{"rendered":"<p>Autor: Malav\u00e9 Mata, H\u00e9ctor<br \/>\nEditorial: Casa de las Am\u00e9ricas<br \/>\nA\u00f1o de publicaci\u00f3n:<br \/>\nN\u00famero de p\u00e1ginas:<br \/>\nI.S.B.N:<\/p>\n<p>Ediciones Casa de las Am\u00e9ricas 1974 R\u00fastica editorial ilustrada con solapas. Con sobrecubierta ilustrada Buen Estado En este estudio donde se desvelan las ra\u00edces hist\u00f3rico-sociales del antidesarrollo de Venezuela, su autor, combina un conocimiento concienzudo de la econom\u00eda pol\u00edtica marxista con un estilo literario vigoroso y \u00e1gil.<\/p>\n","protected":false},"featured_media":0,"comment_status":"open","ping_status":"closed","template":"","meta":[],"class_list":{"0":"post-13027","1":"product","2":"type-product","3":"status-publish","5":"product_cat-historia","6":"post","8":"first","9":"instock","10":"taxable","11":"shipping-taxable","12":"purchasable","13":"product-type-simple"},"_links":{"self":[{"href":"https:\/\/cienfuegos.fr\/index.php\/wp-json\/wp\/v2\/product\/13027","targetHints":{"allow":["GET"]}}],"collection":[{"href":"https:\/\/cienfuegos.fr\/index.php\/wp-json\/wp\/v2\/product"}],"about":[{"href":"https:\/\/cienfuegos.fr\/index.php\/wp-json\/wp\/v2\/types\/product"}],"replies":[{"embeddable":true,"href":"https:\/\/cienfuegos.fr\/index.php\/wp-json\/wp\/v2\/comments?post=13027"}],"wp:attachment":[{"href":"https:\/\/cienfuegos.fr\/index.php\/wp-json\/wp\/v2\/media?parent=13027"}],"curies":[{"name":"wp","href":"https:\/\/api.w.org\/{rel}","templated":true}]}}