{"id":13018,"date":"2020-11-16T23:47:59","date_gmt":"2020-11-16T22:47:59","guid":{"rendered":"https:\/\/cienfuegos.fr\/?post_type=product&#038;p=13018"},"modified":"2020-11-16T23:47:59","modified_gmt":"2020-11-16T22:47:59","slug":"obra-poetica-5","status":"publish","type":"product","link":"https:\/\/cienfuegos.fr\/index.php\/product\/obra-poetica-5\/","title":{"rendered":"Obra po\u00e9tica"},"content":{"rendered":"","protected":false},"excerpt":{"rendered":"<p>Autor: L\u00f3pez Velarde, Ram\u00f3n<br \/>\nEditorial: Archivos<br \/>\nA\u00f1o de publicaci\u00f3n:<br \/>\nN\u00famero de p\u00e1ginas:<br \/>\nI.S.B.N:<\/p>\n<p>ALLCA XX (Colecci\u00f3n Archivos, 36), Madrid, 1998. 24&#215;17 cm. LXI+842 p\u00e1gs. Tapa dura editorial con sobrecubierta. Papel biblia. Ilustraci\u00f3n de cubierta de Rodolfo Nieto. Muy buen estado. \/\/ Edici\u00f3n cr\u00edtica coordinada por Jos\u00e9 Luis Mart\u00ednez \/\/ Completa y documentad\u00edsima edici\u00f3n cr\u00edtica del gran poeta postmodernista Ram\u00f3n L\u00f3pez Velarde (Jerez, Zacatecas, M\u00e9xico, 1888-M\u00e9xico D.F., 1921). Poes\u00eda: \u00abPrimeras poes\u00edas\u00bb, \u00abLa sangre devota\u00bb, \u00abZozobra\u00bb, y \u00abEl son del coraz\u00f3n\u00bb. Prosa: \u00abEl minutero\u00bb, \u00abDon de febrero y otras cr\u00f3nicas\u00bb, \u00abCr\u00edtica literaria\u00bb y \u00abCartas (A Tablada)\u00bb \/\/ Textos preliminares de Gabriel Zaid y Jos\u00e9 Luis Mart\u00ednez. Cronolog\u00eda biobibliogr\u00e1fica. Textos sobre el autor de Jos\u00e9 Juan Tablada, Julio Torri, D\u00edez-Canedo, Jos\u00e9 Gorostiza, Federico de On\u00eds, Neruda, Octavio Paz, Jos\u00e9 Emilio Pacheco y muchos m\u00e1s. Dossier sobre la vida y la personalidad de L\u00f3pez Velarde (Enrique Gonz\u00e1lez Mart\u00ednez, Jos\u00e9 Vasconcelos, Alfonso Reyes, Manuel Maples Arce, B. Ortiz de Montellano, Ermilo Abreu G\u00f3mez, Gabriel Zaid, etc.). Bibliograf\u00eda. Amplio cuadernillo fuera de texto con facs\u00edmiles de manuscritos.<\/p>\n","protected":false},"featured_media":0,"comment_status":"open","ping_status":"closed","template":"","meta":[],"class_list":{"0":"post-13018","1":"product","2":"type-product","3":"status-publish","5":"product_cat-poesia","6":"post","8":"first","9":"instock","10":"taxable","11":"shipping-taxable","12":"purchasable","13":"product-type-simple"},"_links":{"self":[{"href":"https:\/\/cienfuegos.fr\/index.php\/wp-json\/wp\/v2\/product\/13018","targetHints":{"allow":["GET"]}}],"collection":[{"href":"https:\/\/cienfuegos.fr\/index.php\/wp-json\/wp\/v2\/product"}],"about":[{"href":"https:\/\/cienfuegos.fr\/index.php\/wp-json\/wp\/v2\/types\/product"}],"replies":[{"embeddable":true,"href":"https:\/\/cienfuegos.fr\/index.php\/wp-json\/wp\/v2\/comments?post=13018"}],"wp:attachment":[{"href":"https:\/\/cienfuegos.fr\/index.php\/wp-json\/wp\/v2\/media?parent=13018"}],"curies":[{"name":"wp","href":"https:\/\/api.w.org\/{rel}","templated":true}]}}