{"id":13008,"date":"2020-11-16T23:33:59","date_gmt":"2020-11-16T22:33:59","guid":{"rendered":"https:\/\/cienfuegos.fr\/?post_type=product&#038;p=13008"},"modified":"2020-11-16T23:33:59","modified_gmt":"2020-11-16T22:33:59","slug":"antologia-general-de-menendez-pelayo-recopilacion-organica-por-materias","status":"publish","type":"product","link":"https:\/\/cienfuegos.fr\/index.php\/product\/antologia-general-de-menendez-pelayo-recopilacion-organica-por-materias\/","title":{"rendered":"Antolog\u00eda general de Men\u00e9ndez Pelayo (Recopilaci\u00f3n org\u00e1nica por materias)"},"content":{"rendered":"","protected":false},"excerpt":{"rendered":"<p>Autor: Men\u00e9ndez Pelayo<br \/>\nEditorial: Biblioteca de autores cristianos<br \/>\nA\u00f1o de publicaci\u00f3n:<br \/>\nN\u00famero de p\u00e1ginas:<br \/>\nI.S.B.N:<\/p>\n<p>Tomo 1 y 2. Historia del Arte. Selecci\u00f3n po\u00e9tica. Indices. Biblioteca de Autores Cristianos. Madrid, BAC, 1956, 14&#215;20, 961 y 1361 p\u00e1ginas. Tela con sobrecubierta. Buen estado.<\/p>\n","protected":false},"featured_media":0,"comment_status":"open","ping_status":"closed","template":"","meta":[],"class_list":{"0":"post-13008","1":"product","2":"type-product","3":"status-publish","5":"product_cat-ensayo-arte-estudios-literarios","6":"post","8":"first","9":"instock","10":"taxable","11":"shipping-taxable","12":"purchasable","13":"product-type-simple"},"_links":{"self":[{"href":"https:\/\/cienfuegos.fr\/index.php\/wp-json\/wp\/v2\/product\/13008","targetHints":{"allow":["GET"]}}],"collection":[{"href":"https:\/\/cienfuegos.fr\/index.php\/wp-json\/wp\/v2\/product"}],"about":[{"href":"https:\/\/cienfuegos.fr\/index.php\/wp-json\/wp\/v2\/types\/product"}],"replies":[{"embeddable":true,"href":"https:\/\/cienfuegos.fr\/index.php\/wp-json\/wp\/v2\/comments?post=13008"}],"wp:attachment":[{"href":"https:\/\/cienfuegos.fr\/index.php\/wp-json\/wp\/v2\/media?parent=13008"}],"curies":[{"name":"wp","href":"https:\/\/api.w.org\/{rel}","templated":true}]}}