{"id":12990,"date":"2020-11-16T23:17:03","date_gmt":"2020-11-16T22:17:03","guid":{"rendered":"https:\/\/cienfuegos.fr\/?post_type=product&#038;p=12990"},"modified":"2020-11-16T23:17:03","modified_gmt":"2020-11-16T22:17:03","slug":"poesia-espanola-contemporanea-la-generacion-de-posguerra","status":"publish","type":"product","link":"https:\/\/cienfuegos.fr\/index.php\/product\/poesia-espanola-contemporanea-la-generacion-de-posguerra\/","title":{"rendered":"Poes\u00eda espa\u00f1ola contempor\u00e1nea: la generaci\u00f3n de posguerra"},"content":{"rendered":"","protected":false},"excerpt":{"rendered":"<p>Autor: Cano, Jos\u00e9 Luis<br \/>\nEditorial:<br \/>\nA\u00f1o de publicaci\u00f3n:<br \/>\nN\u00famero de p\u00e1ginas:<br \/>\nI.S.B.N:<\/p>\n","protected":false},"featured_media":0,"comment_status":"open","ping_status":"closed","template":"","meta":[],"class_list":{"0":"post-12990","1":"product","2":"type-product","3":"status-publish","5":"product_cat-narrativa","6":"post","8":"first","9":"instock","10":"taxable","11":"shipping-taxable","12":"purchasable","13":"product-type-simple"},"_links":{"self":[{"href":"https:\/\/cienfuegos.fr\/index.php\/wp-json\/wp\/v2\/product\/12990","targetHints":{"allow":["GET"]}}],"collection":[{"href":"https:\/\/cienfuegos.fr\/index.php\/wp-json\/wp\/v2\/product"}],"about":[{"href":"https:\/\/cienfuegos.fr\/index.php\/wp-json\/wp\/v2\/types\/product"}],"replies":[{"embeddable":true,"href":"https:\/\/cienfuegos.fr\/index.php\/wp-json\/wp\/v2\/comments?post=12990"}],"wp:attachment":[{"href":"https:\/\/cienfuegos.fr\/index.php\/wp-json\/wp\/v2\/media?parent=12990"}],"curies":[{"name":"wp","href":"https:\/\/api.w.org\/{rel}","templated":true}]}}