{"id":12869,"date":"2020-11-16T06:11:53","date_gmt":"2020-11-16T05:11:53","guid":{"rendered":"https:\/\/cienfuegos.fr\/?post_type=product&#038;p=12869"},"modified":"2020-11-16T06:11:53","modified_gmt":"2020-11-16T05:11:53","slug":"historia-critica-de-la-literatura-argentina-el-brote-de-los-generos","status":"publish","type":"product","link":"https:\/\/cienfuegos.fr\/index.php\/product\/historia-critica-de-la-literatura-argentina-el-brote-de-los-generos\/","title":{"rendered":"Historia cr\u00edtica de la literatura argentina: el brote de los g\u00e9neros"},"content":{"rendered":"","protected":false},"excerpt":{"rendered":"<p>Autor: Jitrik, No\u00e9 (director de la colecci\u00f3n) \/ Laera, Alejandra<br \/>\nEditorial: Emec\u00e9<br \/>\nA\u00f1o de publicaci\u00f3n:<br \/>\nN\u00famero de p\u00e1ginas:<br \/>\nI.S.B.N:<\/p>\n","protected":false},"featured_media":0,"comment_status":"open","ping_status":"closed","template":"","meta":[],"class_list":{"0":"post-12869","1":"product","2":"type-product","3":"status-publish","5":"product_cat-estudios_literarios","6":"post","8":"first","9":"instock","10":"taxable","11":"shipping-taxable","12":"purchasable","13":"product-type-simple"},"_links":{"self":[{"href":"https:\/\/cienfuegos.fr\/index.php\/wp-json\/wp\/v2\/product\/12869","targetHints":{"allow":["GET"]}}],"collection":[{"href":"https:\/\/cienfuegos.fr\/index.php\/wp-json\/wp\/v2\/product"}],"about":[{"href":"https:\/\/cienfuegos.fr\/index.php\/wp-json\/wp\/v2\/types\/product"}],"replies":[{"embeddable":true,"href":"https:\/\/cienfuegos.fr\/index.php\/wp-json\/wp\/v2\/comments?post=12869"}],"wp:attachment":[{"href":"https:\/\/cienfuegos.fr\/index.php\/wp-json\/wp\/v2\/media?parent=12869"}],"curies":[{"name":"wp","href":"https:\/\/api.w.org\/{rel}","templated":true}]}}