{"id":12818,"date":"2020-11-15T23:15:37","date_gmt":"2020-11-15T22:15:37","guid":{"rendered":"https:\/\/cienfuegos.fr\/?post_type=product&#038;p=12818"},"modified":"2020-11-15T23:15:37","modified_gmt":"2020-11-15T22:15:37","slug":"criollo-del-universo","status":"publish","type":"product","link":"https:\/\/cienfuegos.fr\/index.php\/product\/criollo-del-universo\/","title":{"rendered":"Criollo del universo"},"content":{"rendered":"","protected":false},"excerpt":{"rendered":"<p>Autor: Madariaga, Francisco<br \/>\nEditorial: Pre-textos<br \/>\nA\u00f1o de publicaci\u00f3n:<br \/>\nN\u00famero de p\u00e1ginas:<br \/>\nI.S.B.N:<\/p>\n<p>El blanco oc\u00e9ano gira en mi coraz\u00f3n mientras canta el otro oc\u00e9ano de plata amarilla, que se desprende de las aguas del sol. Ya es muy tarde para ser s\u00f3lo de una provincia, y muy temprano para pertenecer, todo, al planeta del venidero y sangrante resplandor. Oh, acude a m\u00ed, a mi jerarqu\u00eda de pe\u00f3n del planeta, gaucho con trenzas de sangre, mi padre, y ens\u00edllame el mejor caballo ruano del universo: para atravesar el oro el agua de la muerte, y escucharme, todo, siempre en ti. El blanco oc\u00e9ano solloza por la inmortalidad. Criollo del universo, de Francisco Madariaga. Francisco Madariaga naci\u00f3 en Buenos Aires en 1927, pero a los pocos d\u00edas de su nacimiento fue llevado a Corrientes, provincia del nordeste argentino. Hasta los quince a\u00f1os vivi\u00f3 entre esteros, lagunas, palmeras salvajes y los gauchos m\u00e1s arcaicos que a\u00fan quedan en la Cuenca del Plata. En este escenario pas\u00f3 su infancia marcado por el idioma guaran\u00ed que nunca dej\u00f3 de hablar cuando regresaba a Corrientes. Se radic\u00f3 en Buenos Aires para completar sus estudios y all\u00ed residi\u00f3 hasta su muerte en el a\u00f1o 2000. Sus poemas han sido traducidos a varios idiomas e integran diversas antolog\u00edas de poes\u00eda argentina y latinoamericana. Algunos de sus libros son: El delito natal, Llegada de un jaguar a la tranquera, Criollo del universo o Aroma de apariciones.<\/p>\n","protected":false},"featured_media":0,"comment_status":"open","ping_status":"closed","template":"","meta":[],"class_list":{"0":"post-12818","1":"product","2":"type-product","3":"status-publish","5":"product_cat-poesia","6":"post","8":"first","9":"instock","10":"taxable","11":"shipping-taxable","12":"purchasable","13":"product-type-simple"},"_links":{"self":[{"href":"https:\/\/cienfuegos.fr\/index.php\/wp-json\/wp\/v2\/product\/12818","targetHints":{"allow":["GET"]}}],"collection":[{"href":"https:\/\/cienfuegos.fr\/index.php\/wp-json\/wp\/v2\/product"}],"about":[{"href":"https:\/\/cienfuegos.fr\/index.php\/wp-json\/wp\/v2\/types\/product"}],"replies":[{"embeddable":true,"href":"https:\/\/cienfuegos.fr\/index.php\/wp-json\/wp\/v2\/comments?post=12818"}],"wp:attachment":[{"href":"https:\/\/cienfuegos.fr\/index.php\/wp-json\/wp\/v2\/media?parent=12818"}],"curies":[{"name":"wp","href":"https:\/\/api.w.org\/{rel}","templated":true}]}}