{"id":12683,"date":"2020-11-15T00:39:48","date_gmt":"2020-11-14T23:39:48","guid":{"rendered":"https:\/\/cienfuegos.fr\/?post_type=product&#038;p=12683"},"modified":"2020-11-15T00:39:48","modified_gmt":"2020-11-14T23:39:48","slug":"dien-cai-dau","status":"publish","type":"product","link":"https:\/\/cienfuegos.fr\/index.php\/product\/dien-cai-dau\/","title":{"rendered":"Dien Cai Dau"},"content":{"rendered":"","protected":false},"excerpt":{"rendered":"<p>Autor: Komunyakaa, Yusef<br \/>\nEditorial: Valpara\u00edso<br \/>\nA\u00f1o de publicaci\u00f3n:<br \/>\nN\u00famero de p\u00e1ginas:<br \/>\nI.S.B.N:<\/p>\n<p>Este poemario, con su audaz t\u00edtulo en vietnamita que significa \u00abloco en la cabeza\u00bb es un cl\u00e1sico de la poes\u00eda estadounidense. Una cr\u00f3nica de las experiencias de un soldado afroamericano, el propio autor, en el infierno del combate vividas entre 1969 &#8211; 1970. Ganador del prestigioso Premio Pulitzer en 1994, la poes\u00eda de Komunyakaa se alimenta de su infancia en Louisiana, la cultura y el folclor afroamericanos, la m\u00fasica de jazz y sus experiencia en la guerra de Vietnam.<\/p>\n","protected":false},"featured_media":0,"comment_status":"open","ping_status":"closed","template":"","meta":[],"class_list":{"0":"post-12683","1":"product","2":"type-product","3":"status-publish","5":"product_cat-poesia","6":"post","8":"first","9":"instock","10":"taxable","11":"shipping-taxable","12":"purchasable","13":"product-type-simple"},"_links":{"self":[{"href":"https:\/\/cienfuegos.fr\/index.php\/wp-json\/wp\/v2\/product\/12683","targetHints":{"allow":["GET"]}}],"collection":[{"href":"https:\/\/cienfuegos.fr\/index.php\/wp-json\/wp\/v2\/product"}],"about":[{"href":"https:\/\/cienfuegos.fr\/index.php\/wp-json\/wp\/v2\/types\/product"}],"replies":[{"embeddable":true,"href":"https:\/\/cienfuegos.fr\/index.php\/wp-json\/wp\/v2\/comments?post=12683"}],"wp:attachment":[{"href":"https:\/\/cienfuegos.fr\/index.php\/wp-json\/wp\/v2\/media?parent=12683"}],"curies":[{"name":"wp","href":"https:\/\/api.w.org\/{rel}","templated":true}]}}