{"id":12653,"date":"2020-11-15T00:04:01","date_gmt":"2020-11-14T23:04:01","guid":{"rendered":"https:\/\/cienfuegos.fr\/?post_type=product&#038;p=12653"},"modified":"2020-11-15T00:04:02","modified_gmt":"2020-11-14T23:04:02","slug":"papeles-invertidos-iv-y-v","status":"publish","type":"product","link":"https:\/\/cienfuegos.fr\/index.php\/product\/papeles-invertidos-iv-y-v\/","title":{"rendered":"Papeles invertidos IV y V"},"content":{"rendered":"","protected":false},"excerpt":{"rendered":"<p>Autor:<br \/>\nEditorial:<br \/>\nA\u00f1o de publicaci\u00f3n:<br \/>\nN\u00famero de p\u00e1ginas:<br \/>\nI.S.B.N:<\/p>\n<p>Santa Cruz de Tenerife: Colegio Oficial de Arquitectos de Canarias, -, 1979. 10h., 1 l\u00e1mina, 7 hojas separadas plegadas, ilustraciones, tr\u00edptico de la presentaci\u00f3n del fondo de arte de Papeles Invertidos; 22x17cm.- R\u00fastica. Perfecto estado. Arte Revista.<\/p>\n","protected":false},"featured_media":0,"comment_status":"open","ping_status":"closed","template":"","meta":[],"class_list":{"0":"post-12653","1":"product","2":"type-product","3":"status-publish","5":"product_cat-poesia","6":"post","8":"first","9":"instock","10":"taxable","11":"shipping-taxable","12":"purchasable","13":"product-type-simple"},"_links":{"self":[{"href":"https:\/\/cienfuegos.fr\/index.php\/wp-json\/wp\/v2\/product\/12653","targetHints":{"allow":["GET"]}}],"collection":[{"href":"https:\/\/cienfuegos.fr\/index.php\/wp-json\/wp\/v2\/product"}],"about":[{"href":"https:\/\/cienfuegos.fr\/index.php\/wp-json\/wp\/v2\/types\/product"}],"replies":[{"embeddable":true,"href":"https:\/\/cienfuegos.fr\/index.php\/wp-json\/wp\/v2\/comments?post=12653"}],"wp:attachment":[{"href":"https:\/\/cienfuegos.fr\/index.php\/wp-json\/wp\/v2\/media?parent=12653"}],"curies":[{"name":"wp","href":"https:\/\/api.w.org\/{rel}","templated":true}]}}