{"id":12650,"date":"2020-11-15T00:01:37","date_gmt":"2020-11-14T23:01:37","guid":{"rendered":"https:\/\/cienfuegos.fr\/?post_type=product&#038;p=12650"},"modified":"2020-11-15T00:01:38","modified_gmt":"2020-11-14T23:01:38","slug":"el-grupo-cantico-de-cordoba-un-episodio-clave-en-la-historia-de-la-poesia-espanola-de-postguerra","status":"publish","type":"product","link":"https:\/\/cienfuegos.fr\/index.php\/product\/el-grupo-cantico-de-cordoba-un-episodio-clave-en-la-historia-de-la-poesia-espanola-de-postguerra\/","title":{"rendered":"El grupo \u00abC\u00e1ntico\u00bb de C\u00f3rdoba. Un episodio clave en la historia de la poes\u00eda espa\u00f1ola de postguerra"},"content":{"rendered":"","protected":false},"excerpt":{"rendered":"<p>Autor: Carnero, Guillermo<br \/>\nEditorial:<br \/>\nA\u00f1o de publicaci\u00f3n:<br \/>\nN\u00famero de p\u00e1ginas:<br \/>\nI.S.B.N:<\/p>\n<p>Editora Nacional., Madrid, 1976. R\u00fastica; magn\u00edfico estado de conservaci\u00f3n. L\u00e1minas con fotograf\u00edas. Tama\u00f1o: 18 x 11 cm., 247 p\u00e1g.<\/p>\n","protected":false},"featured_media":0,"comment_status":"open","ping_status":"closed","template":"","meta":[],"class_list":{"0":"post-12650","1":"product","2":"type-product","3":"status-publish","5":"product_cat-poesia-critica-literaria","6":"post","8":"first","9":"instock","10":"taxable","11":"shipping-taxable","12":"purchasable","13":"product-type-simple"},"_links":{"self":[{"href":"https:\/\/cienfuegos.fr\/index.php\/wp-json\/wp\/v2\/product\/12650","targetHints":{"allow":["GET"]}}],"collection":[{"href":"https:\/\/cienfuegos.fr\/index.php\/wp-json\/wp\/v2\/product"}],"about":[{"href":"https:\/\/cienfuegos.fr\/index.php\/wp-json\/wp\/v2\/types\/product"}],"replies":[{"embeddable":true,"href":"https:\/\/cienfuegos.fr\/index.php\/wp-json\/wp\/v2\/comments?post=12650"}],"wp:attachment":[{"href":"https:\/\/cienfuegos.fr\/index.php\/wp-json\/wp\/v2\/media?parent=12650"}],"curies":[{"name":"wp","href":"https:\/\/api.w.org\/{rel}","templated":true}]}}