{"id":12647,"date":"2020-11-14T23:57:51","date_gmt":"2020-11-14T22:57:51","guid":{"rendered":"https:\/\/cienfuegos.fr\/?post_type=product&#038;p=12647"},"modified":"2020-11-14T23:57:51","modified_gmt":"2020-11-14T22:57:51","slug":"poeticas-espanolas-contemporaneas-tomo-i-la-generacion-del-50","status":"publish","type":"product","link":"https:\/\/cienfuegos.fr\/index.php\/product\/poeticas-espanolas-contemporaneas-tomo-i-la-generacion-del-50\/","title":{"rendered":"Po\u00e9ticas espa\u00f1olas contempor\u00e1neas. Tomo I. La generaci\u00f3n del 50"},"content":{"rendered":"","protected":false},"excerpt":{"rendered":"<p>Autor: Provencio, Pedro<br \/>\nEditorial: Hiperion<br \/>\nA\u00f1o de publicaci\u00f3n:<br \/>\nN\u00famero de p\u00e1ginas:<br \/>\nI.S.B.N:<\/p>\n","protected":false},"featured_media":0,"comment_status":"open","ping_status":"closed","template":"","meta":[],"class_list":{"0":"post-12647","1":"product","2":"type-product","3":"status-publish","5":"product_cat-critica-literaria","6":"post","8":"first","9":"instock","10":"taxable","11":"shipping-taxable","12":"purchasable","13":"product-type-simple"},"_links":{"self":[{"href":"https:\/\/cienfuegos.fr\/index.php\/wp-json\/wp\/v2\/product\/12647","targetHints":{"allow":["GET"]}}],"collection":[{"href":"https:\/\/cienfuegos.fr\/index.php\/wp-json\/wp\/v2\/product"}],"about":[{"href":"https:\/\/cienfuegos.fr\/index.php\/wp-json\/wp\/v2\/types\/product"}],"replies":[{"embeddable":true,"href":"https:\/\/cienfuegos.fr\/index.php\/wp-json\/wp\/v2\/comments?post=12647"}],"wp:attachment":[{"href":"https:\/\/cienfuegos.fr\/index.php\/wp-json\/wp\/v2\/media?parent=12647"}],"curies":[{"name":"wp","href":"https:\/\/api.w.org\/{rel}","templated":true}]}}