{"id":12633,"date":"2020-11-14T22:48:34","date_gmt":"2020-11-14T21:48:34","guid":{"rendered":"https:\/\/cienfuegos.fr\/?post_type=product&#038;p=12633"},"modified":"2020-11-14T22:48:34","modified_gmt":"2020-11-14T21:48:34","slug":"tendencias-de-la-novela-espanola-actual-1931-1969-seguidas-de-un-catalogo-de-urgencia-de-novelas-y-novelistas-de-la-posguerra-espanola","status":"publish","type":"product","link":"https:\/\/cienfuegos.fr\/index.php\/product\/tendencias-de-la-novela-espanola-actual-1931-1969-seguidas-de-un-catalogo-de-urgencia-de-novelas-y-novelistas-de-la-posguerra-espanola\/","title":{"rendered":"Tendencias de la novela espa\u00f1ola actual 1931-1969, seguidas de un cat\u00e1logo de urgencia de novelas y novelistas de la posguerra espa\u00f1ola"},"content":{"rendered":"","protected":false},"excerpt":{"rendered":"<p>Autor: Ferreras, Juan Ignacio<br \/>\nEditorial: Ediciones Hispanoamericanas<br \/>\nA\u00f1o de publicaci\u00f3n:<br \/>\nN\u00famero de p\u00e1ginas:<br \/>\nI.S.B.N:<\/p>\n<p>Publicado por las ediciones hispanoamericanas de la librer\u00eda espa\u00f1ola (rue monsieur le Prince). Dedicado por el autor.<\/p>\n","protected":false},"featured_media":0,"comment_status":"open","ping_status":"closed","template":"","meta":[],"class_list":{"0":"post-12633","1":"product","2":"type-product","3":"status-publish","5":"product_cat-critica-literaria","6":"post","8":"first","9":"instock","10":"taxable","11":"shipping-taxable","12":"purchasable","13":"product-type-simple"},"_links":{"self":[{"href":"https:\/\/cienfuegos.fr\/index.php\/wp-json\/wp\/v2\/product\/12633","targetHints":{"allow":["GET"]}}],"collection":[{"href":"https:\/\/cienfuegos.fr\/index.php\/wp-json\/wp\/v2\/product"}],"about":[{"href":"https:\/\/cienfuegos.fr\/index.php\/wp-json\/wp\/v2\/types\/product"}],"replies":[{"embeddable":true,"href":"https:\/\/cienfuegos.fr\/index.php\/wp-json\/wp\/v2\/comments?post=12633"}],"wp:attachment":[{"href":"https:\/\/cienfuegos.fr\/index.php\/wp-json\/wp\/v2\/media?parent=12633"}],"curies":[{"name":"wp","href":"https:\/\/api.w.org\/{rel}","templated":true}]}}