{"id":12631,"date":"2020-11-14T22:46:36","date_gmt":"2020-11-14T21:46:36","guid":{"rendered":"https:\/\/cienfuegos.fr\/?post_type=product&#038;p=12631"},"modified":"2020-11-14T22:46:36","modified_gmt":"2020-11-14T21:46:36","slug":"poeticas-espanolas-contemporaneas-tomo-ii-la-generacion-del-70","status":"publish","type":"product","link":"https:\/\/cienfuegos.fr\/index.php\/product\/poeticas-espanolas-contemporaneas-tomo-ii-la-generacion-del-70\/","title":{"rendered":"Po\u00e9ticas espa\u00f1olas contempor\u00e1neas. Tomo II. La generaci\u00f3n del 70"},"content":{"rendered":"","protected":false},"excerpt":{"rendered":"<p>Autor: Pedro Provencio (ed,) Manuel V\u00e1zquez Montalb\u00e1n, Antonio Mart\u00ednez Sarri\u00f3n, Jes\u00fas Mun\u00e1rriz, Ram\u00f3n Buanaventura, Agust\u00edn Delgado y el Equipo Claraboya, Jos\u00e9 Mar\u00eda \u00c1lvarez, Ram\u00f3n Irigoyen, Antonio Carvajal, Jos\u00e9 Luis Gim\u00e9nez Front\u00edn, Justo Jorge Par\u00f3n, F\u00e9lix de Az\u00faa, Jos\u00e9 Miguel Ull\u00e1n, Pedro Gimferrer, Marcos Ricardo Barnat\u00e1n, Antonio Colinas, Jos\u00e9 Luis Jover, Jenaro Talens, Guillermo Carnero, Leopoldo Mar\u00eda Panero, Jaime Siles, Luis Antonio de Villena, Ram\u00f3n S\u00e1nchez Robayna<br \/>\nEditorial: Hiperion<br \/>\nA\u00f1o de publicaci\u00f3n:<br \/>\nN\u00famero de p\u00e1ginas:<br \/>\nI.S.B.N:<\/p>\n","protected":false},"featured_media":0,"comment_status":"open","ping_status":"closed","template":"","meta":[],"class_list":{"0":"post-12631","1":"product","2":"type-product","3":"status-publish","5":"product_cat-critica-literaria","6":"post","8":"first","9":"instock","10":"taxable","11":"shipping-taxable","12":"purchasable","13":"product-type-simple"},"_links":{"self":[{"href":"https:\/\/cienfuegos.fr\/index.php\/wp-json\/wp\/v2\/product\/12631","targetHints":{"allow":["GET"]}}],"collection":[{"href":"https:\/\/cienfuegos.fr\/index.php\/wp-json\/wp\/v2\/product"}],"about":[{"href":"https:\/\/cienfuegos.fr\/index.php\/wp-json\/wp\/v2\/types\/product"}],"replies":[{"embeddable":true,"href":"https:\/\/cienfuegos.fr\/index.php\/wp-json\/wp\/v2\/comments?post=12631"}],"wp:attachment":[{"href":"https:\/\/cienfuegos.fr\/index.php\/wp-json\/wp\/v2\/media?parent=12631"}],"curies":[{"name":"wp","href":"https:\/\/api.w.org\/{rel}","templated":true}]}}