{"id":12610,"date":"2020-11-14T22:24:58","date_gmt":"2020-11-14T21:24:58","guid":{"rendered":"https:\/\/cienfuegos.fr\/?post_type=product&#038;p=12610"},"modified":"2025-05-30T03:29:46","modified_gmt":"2025-05-30T01:29:46","slug":"panorama-de-la-cultura-cubana","status":"publish","type":"product","link":"https:\/\/cienfuegos.fr\/index.php\/product\/panorama-de-la-cultura-cubana\/","title":{"rendered":"Panorama de la cultura cubana"},"content":{"rendered":"","protected":false},"excerpt":{"rendered":"<p>Autor: Lizaso, F\u00e9lix<br \/>\nEditorial: Fondo de cultura econ\u00f3mica<br \/>\nA\u00f1o de publicaci\u00f3n:<br \/>\nN\u00famero de p\u00e1ginas:<br \/>\nI.S.B.N:<\/p>\n<p>Ed. Fondo de Cultura Econ\u00f3mica, M\u00e9xico, 1949. Condici\u00f3n: Buen estado. Primera edici\u00f3n. 155 p\u00e1gs.<\/p>\n","protected":false},"featured_media":0,"comment_status":"open","ping_status":"closed","template":"","meta":[],"class_list":{"0":"post-12610","1":"product","2":"type-product","3":"status-publish","5":"product_cat-ensayo","6":"post","8":"first","9":"instock","10":"taxable","11":"shipping-taxable","12":"purchasable","13":"product-type-simple"},"_links":{"self":[{"href":"https:\/\/cienfuegos.fr\/index.php\/wp-json\/wp\/v2\/product\/12610","targetHints":{"allow":["GET"]}}],"collection":[{"href":"https:\/\/cienfuegos.fr\/index.php\/wp-json\/wp\/v2\/product"}],"about":[{"href":"https:\/\/cienfuegos.fr\/index.php\/wp-json\/wp\/v2\/types\/product"}],"replies":[{"embeddable":true,"href":"https:\/\/cienfuegos.fr\/index.php\/wp-json\/wp\/v2\/comments?post=12610"}],"wp:attachment":[{"href":"https:\/\/cienfuegos.fr\/index.php\/wp-json\/wp\/v2\/media?parent=12610"}],"curies":[{"name":"wp","href":"https:\/\/api.w.org\/{rel}","templated":true}]}}