{"id":12567,"date":"2020-11-14T21:33:53","date_gmt":"2020-11-14T20:33:53","guid":{"rendered":"https:\/\/cienfuegos.fr\/?post_type=product&#038;p=12567"},"modified":"2020-11-14T21:33:53","modified_gmt":"2020-11-14T20:33:53","slug":"queremos-tanto-a-glenda","status":"publish","type":"product","link":"https:\/\/cienfuegos.fr\/index.php\/product\/queremos-tanto-a-glenda\/","title":{"rendered":"Queremos tanto a Glenda"},"content":{"rendered":"","protected":false},"excerpt":{"rendered":"<p>Autor: Cort\u00e1zar, Julio<br \/>\nEditorial: Nueva imagen<br \/>\nA\u00f1o de publicaci\u00f3n: 1980<br \/>\nN\u00famero de p\u00e1ginas:<br \/>\nI.S.B.N:<\/p>\n<p>Editorial Nueva Imagen, M\u00e9xico, 1980. Condici\u00f3n: Exterior e Interior: Bien. PRIMERA EDICI\u00d3N.<\/p>\n","protected":false},"featured_media":0,"comment_status":"open","ping_status":"closed","template":"","meta":[],"class_list":{"0":"post-12567","1":"product","2":"type-product","3":"status-publish","5":"product_cat-narrativa","6":"post","8":"first","9":"instock","10":"taxable","11":"shipping-taxable","12":"purchasable","13":"product-type-simple"},"_links":{"self":[{"href":"https:\/\/cienfuegos.fr\/index.php\/wp-json\/wp\/v2\/product\/12567","targetHints":{"allow":["GET"]}}],"collection":[{"href":"https:\/\/cienfuegos.fr\/index.php\/wp-json\/wp\/v2\/product"}],"about":[{"href":"https:\/\/cienfuegos.fr\/index.php\/wp-json\/wp\/v2\/types\/product"}],"replies":[{"embeddable":true,"href":"https:\/\/cienfuegos.fr\/index.php\/wp-json\/wp\/v2\/comments?post=12567"}],"wp:attachment":[{"href":"https:\/\/cienfuegos.fr\/index.php\/wp-json\/wp\/v2\/media?parent=12567"}],"curies":[{"name":"wp","href":"https:\/\/api.w.org\/{rel}","templated":true}]}}