{"id":12563,"date":"2020-11-14T21:07:22","date_gmt":"2020-11-14T20:07:22","guid":{"rendered":"https:\/\/cienfuegos.fr\/?post_type=product&#038;p=12563"},"modified":"2020-11-14T21:07:22","modified_gmt":"2020-11-14T20:07:22","slug":"sor-juana-ines-de-la-cruz-o-las-trampas-de-la-fe","status":"publish","type":"product","link":"https:\/\/cienfuegos.fr\/index.php\/product\/sor-juana-ines-de-la-cruz-o-las-trampas-de-la-fe\/","title":{"rendered":"Sor Juana In\u00e9s de la Cruz o Las trampas de la fe"},"content":{"rendered":"","protected":false},"excerpt":{"rendered":"<p>Autor: Paz, Octavio<br \/>\nEditorial: Seix Barral<br \/>\nA\u00f1o de publicaci\u00f3n: 1989<br \/>\nN\u00famero de p\u00e1ginas:<br \/>\nI.S.B.N:<\/p>\n<p>R\u00fastica ilustrada con solapas en buen estado. Cubierta algo deslucida, rasgada en su parte posterior. Lomo con doblez propia de lectura y rasgado en su parte inferior. Tostado. Signos de uso. \u00abSor Juana In\u00e9s de la Cruz o las trampas de la fe es mucho m\u00e1s que el mayor estudio que se haya dedicado a una figura central de la historia de la cultura en lengua espa\u00f1ola: es, tambi\u00e9n, uno de los t\u00edtulos fundamentales de toda la obra de Octavio Paz. No se trata s\u00f3lo del examen de un personaje concreto y apasionante, de una obra espl\u00e9ndida y singular; es, en el enmarcamiento de este personaje, el mundo de la Nueva Espa\u00f1a, n\u00facleo esencial de nuestro com\u00fan pasado colectivo, y, en la confluencia de la coheter\u00eda verbal del barroco, el pervivir de la tradici\u00f3n herm\u00e9tica, irrigando, desde un sustrato medieval, aquella po\u00e9tica y la sociedad que la sustenta. M\u00e1s a\u00fan: en los dilemas personales a que se vio enfrentada sor Juana en los \u00faltimos a\u00f1os de su vida son reconocibles esquemas de comportamiento an\u00e1logos a los que han pautado no pocas y a menudo sombr\u00edas p\u00e1ginas de la vida contempor\u00e1nea. De ah\u00ed, en palabras del propio Octavio Paz, las coordenadas y el prop\u00f3sito de este libro capital: \u00abla comprensi\u00f3n de sor Juana incluye necesariamente la de su vida y su mundo\u00bb. En este sentido mi ensayo es una tentativa de restituci\u00f3n: pretendo restituir a su mundo, la Nueva Espa\u00f1a del siglo XVII, la vida y la obra de sor Juana. A su vez, la vida y la obra de sor Juana nos restituye a nosotros, sus lectores del siglo XX, la sociedad de la Nueva Espa\u00f1a en el siglo XVII. Restituci\u00f3n: sor Juana en su mundo y nosotros en su mundo\u00bb\u00bb.<\/p>\n","protected":false},"featured_media":0,"comment_status":"open","ping_status":"closed","template":"","meta":[],"class_list":{"0":"post-12563","1":"product","2":"type-product","3":"status-publish","5":"product_cat-narrativa","6":"post","8":"first","9":"instock","10":"taxable","11":"shipping-taxable","12":"purchasable","13":"product-type-simple"},"_links":{"self":[{"href":"https:\/\/cienfuegos.fr\/index.php\/wp-json\/wp\/v2\/product\/12563","targetHints":{"allow":["GET"]}}],"collection":[{"href":"https:\/\/cienfuegos.fr\/index.php\/wp-json\/wp\/v2\/product"}],"about":[{"href":"https:\/\/cienfuegos.fr\/index.php\/wp-json\/wp\/v2\/types\/product"}],"replies":[{"embeddable":true,"href":"https:\/\/cienfuegos.fr\/index.php\/wp-json\/wp\/v2\/comments?post=12563"}],"wp:attachment":[{"href":"https:\/\/cienfuegos.fr\/index.php\/wp-json\/wp\/v2\/media?parent=12563"}],"curies":[{"name":"wp","href":"https:\/\/api.w.org\/{rel}","templated":true}]}}