{"id":12553,"date":"2020-11-14T20:54:24","date_gmt":"2020-11-14T19:54:24","guid":{"rendered":"https:\/\/cienfuegos.fr\/?post_type=product&#038;p=12553"},"modified":"2020-11-14T20:54:25","modified_gmt":"2020-11-14T19:54:25","slug":"la-vida-breve","status":"publish","type":"product","link":"https:\/\/cienfuegos.fr\/index.php\/product\/la-vida-breve\/","title":{"rendered":"La vida breve"},"content":{"rendered":"","protected":false},"excerpt":{"rendered":"<p>Autor: Onetti, Juan Carlos<br \/>\nEditorial: Edhasa<br \/>\nA\u00f1o de publicaci\u00f3n: 1977<br \/>\nN\u00famero de p\u00e1ginas:<br \/>\nI.S.B.N:<\/p>\n<p>Edhasa \/ Sudamericana, 1977. Encuadernaci\u00f3n de tapa dura. Condici\u00f3n: Bien. 1\u00aa Edici\u00f3n. Edhasa \/ Sudamericana. Primera edici\u00f3n, 1977. 310 p\u00e1ginas. 21 x 13. Tela editorial tapa dura con sobrecubierta de editorial ilustrada. Sin subrayados ni anotaciones. sobrecubierta fatigada, volumen en Buen estado de conservaci\u00f3n. La vida breve es una de las novelas m\u00e1s famosas y le\u00eddas de Onetti, y en ella se narra c\u00f3mo Braunsen va introduci\u00e9ndose en tres grados distintos de la realidad dentro de tres historias contiguas. El personaje principal gradualmente evoluciona transform\u00e1ndose en Arce y luego en D\u00edas Grey.<\/p>\n","protected":false},"featured_media":0,"comment_status":"open","ping_status":"closed","template":"","meta":[],"class_list":{"0":"post-12553","1":"product","2":"type-product","3":"status-publish","5":"product_cat-narrativa","6":"post","8":"first","9":"instock","10":"taxable","11":"shipping-taxable","12":"purchasable","13":"product-type-simple"},"_links":{"self":[{"href":"https:\/\/cienfuegos.fr\/index.php\/wp-json\/wp\/v2\/product\/12553","targetHints":{"allow":["GET"]}}],"collection":[{"href":"https:\/\/cienfuegos.fr\/index.php\/wp-json\/wp\/v2\/product"}],"about":[{"href":"https:\/\/cienfuegos.fr\/index.php\/wp-json\/wp\/v2\/types\/product"}],"replies":[{"embeddable":true,"href":"https:\/\/cienfuegos.fr\/index.php\/wp-json\/wp\/v2\/comments?post=12553"}],"wp:attachment":[{"href":"https:\/\/cienfuegos.fr\/index.php\/wp-json\/wp\/v2\/media?parent=12553"}],"curies":[{"name":"wp","href":"https:\/\/api.w.org\/{rel}","templated":true}]}}