{"id":12543,"date":"2020-11-14T20:41:50","date_gmt":"2020-11-14T19:41:50","guid":{"rendered":"https:\/\/cienfuegos.fr\/?post_type=product&#038;p=12543"},"modified":"2020-11-14T20:41:50","modified_gmt":"2020-11-14T19:41:50","slug":"la-increible-y-triste-historia-de-la-candida-erendira-y-de-su-abuela-desalmada","status":"publish","type":"product","link":"https:\/\/cienfuegos.fr\/index.php\/product\/la-increible-y-triste-historia-de-la-candida-erendira-y-de-su-abuela-desalmada\/","title":{"rendered":"La incre\u00edble y triste historia de la C\u00e1ndida Er\u00e9ndira y de su abuela desalmada"},"content":{"rendered":"","protected":false},"excerpt":{"rendered":"<p>Autor:<br \/>\nEditorial:<br \/>\nA\u00f1o de publicaci\u00f3n: 1972<br \/>\nN\u00famero de p\u00e1ginas:<br \/>\nI.S.B.N:<\/p>\n<p>Segunda edici\u00f3n.<\/p>\n","protected":false},"featured_media":0,"comment_status":"open","ping_status":"closed","template":"","meta":[],"class_list":{"0":"post-12543","1":"product","2":"type-product","3":"status-publish","5":"product_cat-narrativa","6":"post","8":"first","9":"instock","10":"taxable","11":"shipping-taxable","12":"purchasable","13":"product-type-simple"},"_links":{"self":[{"href":"https:\/\/cienfuegos.fr\/index.php\/wp-json\/wp\/v2\/product\/12543","targetHints":{"allow":["GET"]}}],"collection":[{"href":"https:\/\/cienfuegos.fr\/index.php\/wp-json\/wp\/v2\/product"}],"about":[{"href":"https:\/\/cienfuegos.fr\/index.php\/wp-json\/wp\/v2\/types\/product"}],"replies":[{"embeddable":true,"href":"https:\/\/cienfuegos.fr\/index.php\/wp-json\/wp\/v2\/comments?post=12543"}],"wp:attachment":[{"href":"https:\/\/cienfuegos.fr\/index.php\/wp-json\/wp\/v2\/media?parent=12543"}],"curies":[{"name":"wp","href":"https:\/\/api.w.org\/{rel}","templated":true}]}}