{"id":11852,"date":"2020-11-09T19:55:33","date_gmt":"2020-11-09T18:55:33","guid":{"rendered":"https:\/\/cienfuegos.fr\/?post_type=product&#038;p=11852"},"modified":"2025-06-03T12:30:02","modified_gmt":"2025-06-03T10:30:02","slug":"epistolario-espanol-coleccion-de-cartas-de-espanoles-ilustres-antiguos-y-modernos-recogida-y-ordenada-con-notas-y-aclaraciones-historicas-criticas-y-biograficas-tomo-segundo","status":"publish","type":"product","link":"https:\/\/cienfuegos.fr\/index.php\/product\/epistolario-espanol-coleccion-de-cartas-de-espanoles-ilustres-antiguos-y-modernos-recogida-y-ordenada-con-notas-y-aclaraciones-historicas-criticas-y-biograficas-tomo-segundo\/","title":{"rendered":"Epistolario espa\u00f1ol. Colecci\u00f3n de cartas de espa\u00f1oles ilustres antiguos y modernos. Recogida y ordenada con notas y aclaraciones Hist\u00f3ricas, Cr\u00edticas y Biogr\u00e1ficas. Tomo Segundo."},"content":{"rendered":"","protected":false},"excerpt":{"rendered":"<p>Autor: AAVV<br \/>\nEditorial: Atlas, Colecci\u00f3n de Autores espa\u00f1oles<br \/>\nA\u00f1o de publicaci\u00f3n:<br \/>\nN\u00famero de p\u00e1ginas:<br \/>\nI.S.B.N:<\/p>\n<p>Ediciones Atlas, Madrid, 1965. VIII+638 p\u00e1ginas. Cubiertas originales en r\u00fastica. Intonso. Biblioteca de Autores Espa\u00f1oles, Tomo LXII.<\/p>\n","protected":false},"featured_media":0,"comment_status":"open","ping_status":"closed","template":"","meta":[],"class_list":{"0":"post-11852","1":"product","2":"type-product","3":"status-publish","5":"product_cat-narrativa","6":"post","8":"first","9":"instock","10":"taxable","11":"shipping-taxable","12":"purchasable","13":"product-type-simple"},"_links":{"self":[{"href":"https:\/\/cienfuegos.fr\/index.php\/wp-json\/wp\/v2\/product\/11852","targetHints":{"allow":["GET"]}}],"collection":[{"href":"https:\/\/cienfuegos.fr\/index.php\/wp-json\/wp\/v2\/product"}],"about":[{"href":"https:\/\/cienfuegos.fr\/index.php\/wp-json\/wp\/v2\/types\/product"}],"replies":[{"embeddable":true,"href":"https:\/\/cienfuegos.fr\/index.php\/wp-json\/wp\/v2\/comments?post=11852"}],"wp:attachment":[{"href":"https:\/\/cienfuegos.fr\/index.php\/wp-json\/wp\/v2\/media?parent=11852"}],"curies":[{"name":"wp","href":"https:\/\/api.w.org\/{rel}","templated":true}]}}