{"id":11846,"date":"2020-11-09T19:47:56","date_gmt":"2020-11-09T18:47:56","guid":{"rendered":"https:\/\/cienfuegos.fr\/?post_type=product&#038;p=11846"},"modified":"2020-11-09T21:58:09","modified_gmt":"2020-11-09T20:58:09","slug":"biblioteca-de-autores-espanoles-tomo-x-desde-la-formacion-del-lenguaje-hasta-nuestros-dias-romancero-general-o-coleccion-de-romances-castellanos-anteriores-al-siglo-xviii-i","status":"publish","type":"product","link":"https:\/\/cienfuegos.fr\/index.php\/product\/biblioteca-de-autores-espanoles-tomo-x-desde-la-formacion-del-lenguaje-hasta-nuestros-dias-romancero-general-o-coleccion-de-romances-castellanos-anteriores-al-siglo-xviii-i\/","title":{"rendered":"Biblioteca de Autores Espa\u00f1oles, tomo X. Desde la formaci\u00f3n del Lenguaje hasta nuestros d\u00edas. Romancero General \u00f3 colecci\u00f3n de Romances castellanos anteriores al siglo XVIII, I."},"content":{"rendered":"","protected":false},"excerpt":{"rendered":"<p>Autor: AAVV<br \/>\nEditorial: Biblioteca de Autores Espa\u00f1oles<br \/>\nA\u00f1o de publicaci\u00f3n:<br \/>\nN\u00famero de p\u00e1ginas:<br \/>\nI.S.B.N:<\/p>\n","protected":false},"featured_media":0,"comment_status":"open","ping_status":"closed","template":"","meta":[],"class_list":{"0":"post-11846","1":"product","2":"type-product","3":"status-publish","5":"product_cat-poesia","6":"post","8":"first","9":"instock","10":"taxable","11":"shipping-taxable","12":"purchasable","13":"product-type-simple"},"_links":{"self":[{"href":"https:\/\/cienfuegos.fr\/index.php\/wp-json\/wp\/v2\/product\/11846","targetHints":{"allow":["GET"]}}],"collection":[{"href":"https:\/\/cienfuegos.fr\/index.php\/wp-json\/wp\/v2\/product"}],"about":[{"href":"https:\/\/cienfuegos.fr\/index.php\/wp-json\/wp\/v2\/types\/product"}],"replies":[{"embeddable":true,"href":"https:\/\/cienfuegos.fr\/index.php\/wp-json\/wp\/v2\/comments?post=11846"}],"wp:attachment":[{"href":"https:\/\/cienfuegos.fr\/index.php\/wp-json\/wp\/v2\/media?parent=11846"}],"curies":[{"name":"wp","href":"https:\/\/api.w.org\/{rel}","templated":true}]}}