{"id":11831,"date":"2020-11-09T19:14:06","date_gmt":"2020-11-09T18:14:06","guid":{"rendered":"https:\/\/cienfuegos.fr\/?post_type=product&#038;p=11831"},"modified":"2020-11-09T19:14:06","modified_gmt":"2020-11-09T18:14:06","slug":"la-cuarentena","status":"publish","type":"product","link":"https:\/\/cienfuegos.fr\/index.php\/product\/la-cuarentena\/","title":{"rendered":"La cuarentena"},"content":{"rendered":"","protected":false},"excerpt":{"rendered":"<p>Autor: Goytisolo, Juan<br \/>\nEditorial: Destino<br \/>\nA\u00f1o de publicaci\u00f3n:<br \/>\nN\u00famero de p\u00e1ginas:<br \/>\nI.S.B.N:<\/p>\n<p>La muerte s\u00fabita de una amiga induce al narrador a seguir su ejemplo a trav\u00e9s de la imaginaci\u00f3n y de la escritura: a acompa\u00f1arla durante el periodo de cuarentena, en el que el alma del difunto, despu\u00e9s de ser interrogada por los dos \u00e1ngeles de la muerte, Naquir y Muncar, permanece, seg\u00fan la tradici\u00f3n musulmana, en una especie de espacio intermedio en posesi\u00f3n de un cuerpo sutil como el del que disfrutamos en los sue\u00f1os.<\/p>\n","protected":false},"featured_media":0,"comment_status":"open","ping_status":"closed","template":"","meta":[],"class_list":{"0":"post-11831","1":"product","2":"type-product","3":"status-publish","5":"product_cat-narrativa","6":"post","8":"first","9":"instock","10":"taxable","11":"shipping-taxable","12":"purchasable","13":"product-type-simple"},"_links":{"self":[{"href":"https:\/\/cienfuegos.fr\/index.php\/wp-json\/wp\/v2\/product\/11831","targetHints":{"allow":["GET"]}}],"collection":[{"href":"https:\/\/cienfuegos.fr\/index.php\/wp-json\/wp\/v2\/product"}],"about":[{"href":"https:\/\/cienfuegos.fr\/index.php\/wp-json\/wp\/v2\/types\/product"}],"replies":[{"embeddable":true,"href":"https:\/\/cienfuegos.fr\/index.php\/wp-json\/wp\/v2\/comments?post=11831"}],"wp:attachment":[{"href":"https:\/\/cienfuegos.fr\/index.php\/wp-json\/wp\/v2\/media?parent=11831"}],"curies":[{"name":"wp","href":"https:\/\/api.w.org\/{rel}","templated":true}]}}