{"id":11442,"date":"2020-11-06T17:26:37","date_gmt":"2020-11-06T16:26:37","guid":{"rendered":"https:\/\/cienfuegos.fr\/?post_type=product&#038;p=11442"},"modified":"2020-11-06T17:26:37","modified_gmt":"2020-11-06T16:26:37","slug":"duelo","status":"publish","type":"product","link":"https:\/\/cienfuegos.fr\/index.php\/product\/duelo\/","title":{"rendered":"Duelo"},"content":{"rendered":"","protected":false},"excerpt":{"rendered":"<p>Autor: Halfon, Eduardo<br \/>\nEditorial: Asteroide<br \/>\nA\u00f1o de publicaci\u00f3n:<br \/>\nN\u00famero de p\u00e1ginas:<br \/>\nI.S.B.N:<\/p>\n<p>\u00abUsted no escribir\u00e1 nada sobre esto, me pregunt\u00f3 o me orden\u00f3 mi pap\u00e1, su \u00edndice elevado, su tono a medio camino entre s\u00faplica y mandamiento. (.) Por supuesto que no, le dije, quiz\u00e1s sincero, o quiz\u00e1s ya sabiendo que ninguna historia es imperativa, ninguna historia necesaria, salvo aquellas que alguien nos proh\u00edbe contar.\u00bb En este nuevo libro del proyecto literario de Eduardo Halfon, el autor guatemalteco, siempre indagando en los mecanismos de la construcci\u00f3n de la identidad, se sumerge en aquellos que se originan en las relaciones fraternales: duelo como combate que se inicia con el nacimiento de un hermano y duelo tambi\u00e9n como luto por su muerte. Una novela profunda y emotiva que acrecienta la reputaci\u00f3n del autor.<\/p>\n","protected":false},"featured_media":0,"comment_status":"open","ping_status":"closed","template":"","meta":[],"class_list":{"0":"post-11442","1":"product","2":"type-product","3":"status-publish","5":"product_cat-narrativa","6":"post","8":"first","9":"instock","10":"taxable","11":"shipping-taxable","12":"purchasable","13":"product-type-simple"},"_links":{"self":[{"href":"https:\/\/cienfuegos.fr\/index.php\/wp-json\/wp\/v2\/product\/11442","targetHints":{"allow":["GET"]}}],"collection":[{"href":"https:\/\/cienfuegos.fr\/index.php\/wp-json\/wp\/v2\/product"}],"about":[{"href":"https:\/\/cienfuegos.fr\/index.php\/wp-json\/wp\/v2\/types\/product"}],"replies":[{"embeddable":true,"href":"https:\/\/cienfuegos.fr\/index.php\/wp-json\/wp\/v2\/comments?post=11442"}],"wp:attachment":[{"href":"https:\/\/cienfuegos.fr\/index.php\/wp-json\/wp\/v2\/media?parent=11442"}],"curies":[{"name":"wp","href":"https:\/\/api.w.org\/{rel}","templated":true}]}}