{"id":11420,"date":"2020-11-06T17:06:27","date_gmt":"2020-11-06T16:06:27","guid":{"rendered":"https:\/\/cienfuegos.fr\/?post_type=product&#038;p=11420"},"modified":"2020-11-06T17:06:28","modified_gmt":"2020-11-06T16:06:28","slug":"nina","status":"publish","type":"product","link":"https:\/\/cienfuegos.fr\/index.php\/product\/nina\/","title":{"rendered":"Nina"},"content":{"rendered":"","protected":false},"excerpt":{"rendered":"<p>Autor Guebel, Daniel<br \/>\nEditorial: Emec\u00e9<br \/>\nA\u00f1o de publicaci\u00f3n: 2000<br \/>\nN\u00famero de p\u00e1ginas:<br \/>\nI.S.B.N:<\/p>\n<p>Hasta que Nina apareci\u00f3 en su vida, Julio Speer se la hab\u00eda pasado saltando de cama en cama, como un atleta sexual. Nina es una artista bella y talentosa, que aparenta poseer dotes extra\u00f1as. Con ella Julio cree que podr\u00e1 alcanzar por fin la serenidad de esp\u00edritu. Sin embargo, algo falla en la relaci\u00f3n, y Speer se lanza de nuevo a las aventuras de una noche. Nina decide olvidarlo y conoce a Norberto, el amante m\u00e1s virtuoso del mundo, el sue\u00f1o realizado de todas las mujeres. El tri\u00e1ngulo es el menor de los peligros. En cualquier momento la situaci\u00f3n puede volverse aterradora. Combinando parejas dosis de humor y de horror, de farsa y de tragedia, Nina explora los fantasmas del amor en la modernidad. Daniel Guebel ha escrito una novela atrapante y enloquecedora, que lo confirma como un autor central de la literatura argentina contempor\u00e1nea.<\/p>\n","protected":false},"featured_media":0,"comment_status":"open","ping_status":"closed","template":"","meta":[],"class_list":{"0":"post-11420","1":"product","2":"type-product","3":"status-publish","5":"product_cat-narrativa","6":"post","8":"first","9":"instock","10":"taxable","11":"shipping-taxable","12":"purchasable","13":"product-type-simple"},"_links":{"self":[{"href":"https:\/\/cienfuegos.fr\/index.php\/wp-json\/wp\/v2\/product\/11420","targetHints":{"allow":["GET"]}}],"collection":[{"href":"https:\/\/cienfuegos.fr\/index.php\/wp-json\/wp\/v2\/product"}],"about":[{"href":"https:\/\/cienfuegos.fr\/index.php\/wp-json\/wp\/v2\/types\/product"}],"replies":[{"embeddable":true,"href":"https:\/\/cienfuegos.fr\/index.php\/wp-json\/wp\/v2\/comments?post=11420"}],"wp:attachment":[{"href":"https:\/\/cienfuegos.fr\/index.php\/wp-json\/wp\/v2\/media?parent=11420"}],"curies":[{"name":"wp","href":"https:\/\/api.w.org\/{rel}","templated":true}]}}