{"id":11053,"date":"2020-11-03T17:22:27","date_gmt":"2020-11-03T16:22:27","guid":{"rendered":"https:\/\/cienfuegos.fr\/?post_type=product&#038;p=11053"},"modified":"2020-11-03T17:22:27","modified_gmt":"2020-11-03T16:22:27","slug":"el-libro-de-tamar","status":"publish","type":"product","link":"https:\/\/cienfuegos.fr\/index.php\/product\/el-libro-de-tamar\/","title":{"rendered":"El libro de Tamar"},"content":{"rendered":"","protected":false},"excerpt":{"rendered":"<p>Autor: Kamenszain, Tamara<br \/>\nEditorial: Eterna Cadencia<br \/>\nA\u00f1o de publicaci\u00f3n:<br \/>\nN\u00famero de p\u00e1ginas:<br \/>\nI.S.B.N:<\/p>\n<p>Encuadernaci\u00f3n de tapa blanda. Condici\u00f3n: Nuevo. 20&#215;14 cm. 96 pp. Despu\u00e9s de dejarlo olvidado durante quince a\u00f1os en el fondo de un caj\u00f3n, Tamar, la narradora, se reencuentra con un viejo poema que le enviaron. Un poema inoportuno que en su momento no la interpel\u00f3 ni le signific\u00f3 ese gesto que ella tanto deseaba. \u00bfQui\u00e9n puede esperar, en plena separaci\u00f3n, que el otro en lugar de un prosaico \u00bfte extra\u00f1o, volvamos\u00bf intente acercarse mediante anagramas y combinaciones de nuestro nombre? Pero la escritura permanece mientras el mundo gira, y entonces hoy Tamar s\u00ed puede leer sentido donde ayer solo encontraba silencio. Un poema compuesto por cinco letras, una fecha y un dibujo desencadenar\u00e1 un viaje al pasado, para rescatar una historia de amor atravesada por lecturas compartidas, discusiones literarias, viajes, exilios, hijos, desencuentros.<\/p>\n","protected":false},"featured_media":0,"comment_status":"open","ping_status":"closed","template":"","meta":[],"class_list":{"0":"post-11053","1":"product","2":"type-product","3":"status-publish","5":"product_cat-narrativa","6":"post","8":"first","9":"instock","10":"taxable","11":"shipping-taxable","12":"purchasable","13":"product-type-simple"},"_links":{"self":[{"href":"https:\/\/cienfuegos.fr\/index.php\/wp-json\/wp\/v2\/product\/11053","targetHints":{"allow":["GET"]}}],"collection":[{"href":"https:\/\/cienfuegos.fr\/index.php\/wp-json\/wp\/v2\/product"}],"about":[{"href":"https:\/\/cienfuegos.fr\/index.php\/wp-json\/wp\/v2\/types\/product"}],"replies":[{"embeddable":true,"href":"https:\/\/cienfuegos.fr\/index.php\/wp-json\/wp\/v2\/comments?post=11053"}],"wp:attachment":[{"href":"https:\/\/cienfuegos.fr\/index.php\/wp-json\/wp\/v2\/media?parent=11053"}],"curies":[{"name":"wp","href":"https:\/\/api.w.org\/{rel}","templated":true}]}}