{"id":11047,"date":"2020-11-03T17:17:47","date_gmt":"2020-11-03T16:17:47","guid":{"rendered":"https:\/\/cienfuegos.fr\/?post_type=product&#038;p=11047"},"modified":"2020-11-03T17:17:47","modified_gmt":"2020-11-03T16:17:47","slug":"ulises","status":"publish","type":"product","link":"https:\/\/cienfuegos.fr\/index.php\/product\/ulises\/","title":{"rendered":"Ulises"},"content":{"rendered":"","protected":false},"excerpt":{"rendered":"<p>Autor: Joyce, James; Salas Subirats, Jos\u00e9<br \/>\nEditorial:<br \/>\nA\u00f1o de publicaci\u00f3n:<br \/>\nN\u00famero de p\u00e1ginas:<br \/>\nI.S.B.N:<\/p>\n<p>Encuadernaci\u00f3n de tapa blanda. Condici\u00f3n: Bien. Traducci\u00f3n de J. Salas Subirat. Pr\u00f3logo de Jacques Mercanton. Buenos Aires. Santiago Rueda, Edit. Imp. Bartolom\u00e9 U. Chiesino. 20&#215;14 cm. 806 p\u00e1gs<\/p>\n","protected":false},"featured_media":0,"comment_status":"open","ping_status":"closed","template":"","meta":[],"class_list":{"0":"post-11047","1":"product","2":"type-product","3":"status-publish","5":"product_cat-narrativa","6":"post","8":"first","9":"instock","10":"taxable","11":"shipping-taxable","12":"purchasable","13":"product-type-simple"},"_links":{"self":[{"href":"https:\/\/cienfuegos.fr\/index.php\/wp-json\/wp\/v2\/product\/11047","targetHints":{"allow":["GET"]}}],"collection":[{"href":"https:\/\/cienfuegos.fr\/index.php\/wp-json\/wp\/v2\/product"}],"about":[{"href":"https:\/\/cienfuegos.fr\/index.php\/wp-json\/wp\/v2\/types\/product"}],"replies":[{"embeddable":true,"href":"https:\/\/cienfuegos.fr\/index.php\/wp-json\/wp\/v2\/comments?post=11047"}],"wp:attachment":[{"href":"https:\/\/cienfuegos.fr\/index.php\/wp-json\/wp\/v2\/media?parent=11047"}],"curies":[{"name":"wp","href":"https:\/\/api.w.org\/{rel}","templated":true}]}}