{"id":10916,"date":"2020-11-02T19:29:12","date_gmt":"2020-11-02T18:29:12","guid":{"rendered":"https:\/\/cienfuegos.fr\/?post_type=product&#038;p=10916"},"modified":"2022-04-28T16:00:00","modified_gmt":"2022-04-28T14:00:00","slug":"anticipacion-de-un-burgues-a-la-muerte","status":"publish","type":"product","link":"https:\/\/cienfuegos.fr\/index.php\/product\/anticipacion-de-un-burgues-a-la-muerte\/","title":{"rendered":"Anticipaci\u00f3n de un burgu\u00e9s a la muerte"},"content":{"rendered":"","protected":false},"excerpt":{"rendered":"<p>Autor: La Torre, Joaqu\u00edn<br \/>\nEditorial: Premia, la red de Jonas<br \/>\nA\u00f1o de publicaci\u00f3n:<br \/>\nN\u00famero de p\u00e1ginas:<br \/>\nI.S.B.N:<\/p>\n","protected":false},"featured_media":0,"comment_status":"open","ping_status":"closed","template":"","meta":[],"class_list":{"0":"post-10916","1":"product","2":"type-product","3":"status-publish","5":"product_cat-narrativa","6":"post","8":"first","9":"onbackorder","10":"taxable","11":"shipping-taxable","12":"purchasable","13":"product-type-simple"},"_links":{"self":[{"href":"https:\/\/cienfuegos.fr\/index.php\/wp-json\/wp\/v2\/product\/10916","targetHints":{"allow":["GET"]}}],"collection":[{"href":"https:\/\/cienfuegos.fr\/index.php\/wp-json\/wp\/v2\/product"}],"about":[{"href":"https:\/\/cienfuegos.fr\/index.php\/wp-json\/wp\/v2\/types\/product"}],"replies":[{"embeddable":true,"href":"https:\/\/cienfuegos.fr\/index.php\/wp-json\/wp\/v2\/comments?post=10916"}],"wp:attachment":[{"href":"https:\/\/cienfuegos.fr\/index.php\/wp-json\/wp\/v2\/media?parent=10916"}],"curies":[{"name":"wp","href":"https:\/\/api.w.org\/{rel}","templated":true}]}}