{"id":10914,"date":"2020-11-02T19:27:33","date_gmt":"2020-11-02T18:27:33","guid":{"rendered":"https:\/\/cienfuegos.fr\/?post_type=product&#038;p=10914"},"modified":"2020-11-02T19:27:33","modified_gmt":"2020-11-02T18:27:33","slug":"orbe","status":"publish","type":"product","link":"https:\/\/cienfuegos.fr\/index.php\/product\/orbe\/","title":{"rendered":"Orbe"},"content":{"rendered":"","protected":false},"excerpt":{"rendered":"<p>Autor: Larrea, Juan<br \/>\nEditorial: Seix Barral<br \/>\nA\u00f1o de publicaci\u00f3n:<br \/>\nN\u00famero de p\u00e1ginas:<br \/>\nI.S.B.N:<\/p>\n<p>Seix Barral, Barcelona, 1990. 21&#215;13,1 cm. 280 p\u00e1gs. \/\/ Edici\u00f3n de Pere Gimferrer \/\/ Conjunto del diario de Larrea, con anotaciones del per\u00edodo 1926-1923 y que hab\u00eda permanecido in\u00e9dito \/\/ Juan Larrea (Bilbao, Espa\u00f1a, 1895-C\u00f3rdoba, Argentina, 1980)<\/p>\n","protected":false},"featured_media":0,"comment_status":"open","ping_status":"closed","template":"","meta":[],"class_list":{"0":"post-10914","1":"product","2":"type-product","3":"status-publish","5":"product_cat-narrativa-diario","6":"post","8":"first","9":"instock","10":"taxable","11":"shipping-taxable","12":"purchasable","13":"product-type-simple"},"_links":{"self":[{"href":"https:\/\/cienfuegos.fr\/index.php\/wp-json\/wp\/v2\/product\/10914","targetHints":{"allow":["GET"]}}],"collection":[{"href":"https:\/\/cienfuegos.fr\/index.php\/wp-json\/wp\/v2\/product"}],"about":[{"href":"https:\/\/cienfuegos.fr\/index.php\/wp-json\/wp\/v2\/types\/product"}],"replies":[{"embeddable":true,"href":"https:\/\/cienfuegos.fr\/index.php\/wp-json\/wp\/v2\/comments?post=10914"}],"wp:attachment":[{"href":"https:\/\/cienfuegos.fr\/index.php\/wp-json\/wp\/v2\/media?parent=10914"}],"curies":[{"name":"wp","href":"https:\/\/api.w.org\/{rel}","templated":true}]}}