{"id":10874,"date":"2020-11-02T18:45:44","date_gmt":"2020-11-02T17:45:44","guid":{"rendered":"https:\/\/cienfuegos.fr\/?post_type=product&#038;p=10874"},"modified":"2020-11-02T18:45:44","modified_gmt":"2020-11-02T17:45:44","slug":"romanticismo","status":"publish","type":"product","link":"https:\/\/cienfuegos.fr\/index.php\/product\/romanticismo\/","title":{"rendered":"Romanticismo"},"content":{"rendered":"","protected":false},"excerpt":{"rendered":"<p>Autor: Longares, Manuel<br \/>\nEditorial: C\u00e1tedra<br \/>\nA\u00f1o de publicaci\u00f3n:<br \/>\nN\u00famero de p\u00e1ginas:<br \/>\nI.S.B.N:<\/p>\n<p>Manuel Longares alcanz\u00f3 con \u00abRomanticismo\u00bb, aparecida a principios de 2001, una notoriedad y un reconocimiento que hasta entonces hab\u00edan permanecido confinados en foros m\u00e1s reducidos y selectos, aunque siempre entusiastas. Su reivindicaci\u00f3n del silencio y de la renuncia asc\u00e9tica es la descripci\u00f3n escrupulosa de su propia actitud literaria, la que impone su ritmo creativo y una fidelidad a un proyecto est\u00e9tico sustentado en la experimentaci\u00f3n y la exigencia ling\u00fc\u00edstica. \u00abRomanticismo\u00bb, por m\u00e9ritos art\u00edsticos, es ya un t\u00edtulo fundamental de la novela espa\u00f1ola de los \u00faltimos cincuenta a\u00f1os. El mundo de \u00abRomanticismo\u00bb se filtra en el imaginario colectivo e incluso en el acervo l\u00e9xico popular. Constituye, adem\u00e1s, una espl\u00e9ndida tentativa de convertir la transici\u00f3n democr\u00e1tica espa\u00f1ola en materia novelable y, al hacerlo, se escenifica la eterna batalla entre la clase que ocupa el poder pol\u00edtico y los aspirantes a sustituirla en ese espacio de la hegemon\u00eda y el privilegio.<\/p>\n","protected":false},"featured_media":0,"comment_status":"open","ping_status":"closed","template":"","meta":[],"class_list":{"0":"post-10874","1":"product","2":"type-product","3":"status-publish","5":"product_cat-narrativa","6":"post","8":"first","9":"instock","10":"taxable","11":"shipping-taxable","12":"purchasable","13":"product-type-simple"},"_links":{"self":[{"href":"https:\/\/cienfuegos.fr\/index.php\/wp-json\/wp\/v2\/product\/10874","targetHints":{"allow":["GET"]}}],"collection":[{"href":"https:\/\/cienfuegos.fr\/index.php\/wp-json\/wp\/v2\/product"}],"about":[{"href":"https:\/\/cienfuegos.fr\/index.php\/wp-json\/wp\/v2\/types\/product"}],"replies":[{"embeddable":true,"href":"https:\/\/cienfuegos.fr\/index.php\/wp-json\/wp\/v2\/comments?post=10874"}],"wp:attachment":[{"href":"https:\/\/cienfuegos.fr\/index.php\/wp-json\/wp\/v2\/media?parent=10874"}],"curies":[{"name":"wp","href":"https:\/\/api.w.org\/{rel}","templated":true}]}}