{"id":10639,"date":"2020-10-31T19:00:04","date_gmt":"2020-10-31T18:00:04","guid":{"rendered":"https:\/\/cienfuegos.fr\/?post_type=product&#038;p=10639"},"modified":"2020-10-31T19:01:44","modified_gmt":"2020-10-31T18:01:44","slug":"del-color-de-la-leche","status":"publish","type":"product","link":"https:\/\/cienfuegos.fr\/index.php\/product\/del-color-de-la-leche\/","title":{"rendered":"Del color de la leche"},"content":{"rendered":"","protected":false},"excerpt":{"rendered":"<p>Autor: Leyshon, Neil<br \/>\nEditorial: Sexto piso<br \/>\nA\u00f1o de publicaci\u00f3n:<br \/>\nN\u00famero de p\u00e1ginas:<br \/>\nI.S.B.N:<\/p>\n<p>Mary, una ni\u00f1a de quince a\u00f1os que vive con su familia en una granja de la Inglaterra rural de 1830, tiene el pelo del color de la leche y naci\u00f3 con un defecto f\u00edsico en una pierna, pero logra escapar de su condena familiar cuando es enviada a trabajar como criada para cuidar a la mujer del vicario. Entonces, tiene la oportunidad de aprender a leer y escribir, de dejar de ver \u00abs\u00f3lo un mont\u00f3n de rayas negras\u00bb en los libros. Conforme deja el mundo de las sombras, descubre que las luces pueden resultar incluso m\u00e1s cegadoras, por eso, a Mary s\u00f3lo le queda el poder de contar su historia. Leyshon ha recreado con una belleza tr\u00e1gica un microcosmos apabullante, poblado de personajes singulares; todo ello, enmarcado por un entorno buc\u00f3lico que fluye al comp\u00e1s de las estaciones y las labores de la granja, que cobra vida con una inocencia desgarradora gracias al empe\u00f1o de Mary de dejar un testimonio escrito del destino adquirido, al cual ya no tiene la posibilidad de renunciar.<\/p>\n","protected":false},"featured_media":0,"comment_status":"open","ping_status":"closed","template":"","meta":[],"class_list":{"0":"post-10639","1":"product","2":"type-product","3":"status-publish","5":"product_cat-narrativa","6":"post","8":"first","9":"instock","10":"taxable","11":"shipping-taxable","12":"purchasable","13":"product-type-simple"},"_links":{"self":[{"href":"https:\/\/cienfuegos.fr\/index.php\/wp-json\/wp\/v2\/product\/10639","targetHints":{"allow":["GET"]}}],"collection":[{"href":"https:\/\/cienfuegos.fr\/index.php\/wp-json\/wp\/v2\/product"}],"about":[{"href":"https:\/\/cienfuegos.fr\/index.php\/wp-json\/wp\/v2\/types\/product"}],"replies":[{"embeddable":true,"href":"https:\/\/cienfuegos.fr\/index.php\/wp-json\/wp\/v2\/comments?post=10639"}],"wp:attachment":[{"href":"https:\/\/cienfuegos.fr\/index.php\/wp-json\/wp\/v2\/media?parent=10639"}],"curies":[{"name":"wp","href":"https:\/\/api.w.org\/{rel}","templated":true}]}}