{"id":10633,"date":"2020-10-31T18:50:10","date_gmt":"2020-10-31T17:50:10","guid":{"rendered":"https:\/\/cienfuegos.fr\/?post_type=product&#038;p=10633"},"modified":"2020-10-31T18:50:10","modified_gmt":"2020-10-31T17:50:10","slug":"el-discurso-vacio","status":"publish","type":"product","link":"https:\/\/cienfuegos.fr\/index.php\/product\/el-discurso-vacio\/","title":{"rendered":"El discurso vac\u00edo"},"content":{"rendered":"","protected":false},"excerpt":{"rendered":"<p>Autor: Levrero, Mario<br \/>\nEditorial: De Bolsillo<br \/>\nA\u00f1o de publicaci\u00f3n:<br \/>\nN\u00famero de p\u00e1ginas:<br \/>\nI.S.B.N:<\/p>\n<p>Un escritor inicia un cuaderno con ejercicios para mejorar su caligraf\u00eda en el convencimiento de que al mejorarla mejorar\u00e1 tambi\u00e9n su car\u00e1cter. Lo que pretende ser un mero ejercicio f\u00edsico se ir\u00e1 llenando, de modo involuntario, de reflexiones y an\u00e9cdotas sobre el vivir, la convivencia, la escritura y el sentido, o no sentido, de la existencia. Con una lucidez kafkiana, el discurso deviene inevitablemente en un balance sobre \u00abel esp\u00edritu extraviado\u00bb de nuestro tiempo. Una obra maestra.Un escritor hace ejercicios de caligraf\u00eda a modo de terapia para mejorar su estado de \u00e1nimo.<\/p>\n","protected":false},"featured_media":0,"comment_status":"open","ping_status":"closed","template":"","meta":[],"class_list":{"0":"post-10633","1":"product","2":"type-product","3":"status-publish","5":"product_cat-narrativa","6":"post","8":"first","9":"instock","10":"taxable","11":"shipping-taxable","12":"purchasable","13":"product-type-simple"},"_links":{"self":[{"href":"https:\/\/cienfuegos.fr\/index.php\/wp-json\/wp\/v2\/product\/10633","targetHints":{"allow":["GET"]}}],"collection":[{"href":"https:\/\/cienfuegos.fr\/index.php\/wp-json\/wp\/v2\/product"}],"about":[{"href":"https:\/\/cienfuegos.fr\/index.php\/wp-json\/wp\/v2\/types\/product"}],"replies":[{"embeddable":true,"href":"https:\/\/cienfuegos.fr\/index.php\/wp-json\/wp\/v2\/comments?post=10633"}],"wp:attachment":[{"href":"https:\/\/cienfuegos.fr\/index.php\/wp-json\/wp\/v2\/media?parent=10633"}],"curies":[{"name":"wp","href":"https:\/\/api.w.org\/{rel}","templated":true}]}}